{"id":1750,"date":"2024-10-07T15:14:04","date_gmt":"2024-10-07T15:14:04","guid":{"rendered":"https:\/\/norsvik.com\/?page_id=1750"},"modified":"2025-12-12T18:08:09","modified_gmt":"2025-12-13T00:08:09","slug":"shipping-and-warranty","status":"publish","type":"page","link":"https:\/\/norsvik.com\/en\/envios-y-garantia\/","title":{"rendered":"Shipping and warranty"},"content":{"rendered":"<div data-elementor-type=\"wp-page\" data-elementor-id=\"1750\" class=\"elementor elementor-1750\" data-elementor-post-type=\"page\">\n\t\t\t\t\t\t<section class=\"elementor-section elementor-top-section elementor-element elementor-element-c5c5183 elementor-section-content-middle elementor-section-boxed elementor-section-height-default elementor-section-height-default\" data-id=\"c5c5183\" data-element_type=\"section\" data-e-type=\"section\" data-settings=\"{&quot;background_background&quot;:&quot;classic&quot;}\">\n\t\t\t\t\t\t<div class=\"elementor-container elementor-column-gap-default\">\n\t\t\t\t\t<div class=\"elementor-column elementor-col-100 elementor-top-column elementor-element elementor-element-73e6e88\" data-id=\"73e6e88\" data-element_type=\"column\" data-e-type=\"column\" data-settings=\"{&quot;background_background&quot;:&quot;classic&quot;}\">\n\t\t\t<div class=\"elementor-widget-wrap elementor-element-populated\">\n\t\t\t\t\t\t<div class=\"elementor-element elementor-element-df8adad oew-background-heading-center elementor-mobile-align-center oew-mobile-background-heading-center elementor-align-center elementor-widget elementor-widget-oew-advanced-heading\" data-id=\"df8adad\" data-element_type=\"widget\" data-e-type=\"widget\" data-widget_type=\"oew-advanced-heading.default\">\n\t\t\t\t<div class=\"elementor-widget-container\">\n\t\t\t\t\t\n\t\t<div class=\"oew-advanced-heading\">\n\n\t\t\t\t\t\t\t<div class=\"oew-background-heading oew-has-bg\">\n\t\t\t\t\t<div>Norsvik<\/div>\n\t\t\t\t<\/div>\n\t\t\t\t\t\t\t<h2  class=\"oew-main-heading\">\n\t\t\t\t\t<div>\n\t\t\t\t\t\tShipping and warranty\n\t\t\t\t\t\t\t\t\t\t\t<\/div>\n\t\t\t\t<\/h2>\n\t\t\t\n\t\t<\/div>\n\n\t\t\t\t\t<\/div>\n\t\t\t\t<\/div>\n\t\t\t\t<div class=\"elementor-element elementor-element-7108694 elementor-widget__width-initial elementor-widget elementor-widget-heading\" data-id=\"7108694\" data-element_type=\"widget\" data-e-type=\"widget\" data-widget_type=\"heading.default\">\n\t\t\t\t<div class=\"elementor-widget-container\">\n\t\t\t\t\t<p class=\"elementor-heading-title elementor-size-default\">Learn more about our shipping options, warranty policies and how we protect your investment in Norsvik.<\/p>\t\t\t\t<\/div>\n\t\t\t\t<\/div>\n\t\t\t\t\t<\/div>\n\t\t<\/div>\n\t\t\t\t\t<\/div>\n\t\t<\/section>\n\t\t\t\t<section class=\"elementor-section elementor-top-section elementor-element elementor-element-413fae1 elementor-section-content-middle elementor-section-boxed elementor-section-height-default elementor-section-height-default\" data-id=\"413fae1\" data-element_type=\"section\" data-e-type=\"section\" data-settings=\"{&quot;background_background&quot;:&quot;classic&quot;}\">\n\t\t\t\t\t\t<div class=\"elementor-container elementor-column-gap-default\">\n\t\t\t\t\t<div class=\"elementor-column elementor-col-50 elementor-top-column elementor-element elementor-element-50cf8b7\" data-id=\"50cf8b7\" data-element_type=\"column\" data-e-type=\"column\">\n\t\t\t<div class=\"elementor-widget-wrap elementor-element-populated\">\n\t\t\t\t\t\t<div class=\"elementor-element elementor-element-8059492 oew-background-heading-left elementor-mobile-align-center oew-mobile-background-heading-center elementor-align-left elementor-widget elementor-widget-oew-advanced-heading\" data-id=\"8059492\" data-element_type=\"widget\" data-e-type=\"widget\" data-widget_type=\"oew-advanced-heading.default\">\n\t\t\t\t<div class=\"elementor-widget-container\">\n\t\t\t\t\t\n\t\t<div class=\"oew-advanced-heading\">\n\n\t\t\t\t\t\t\t<div class=\"oew-background-heading oew-has-bg\">\n\t\t\t\t\t<div>Cold immersion<\/div>\n\t\t\t\t<\/div>\n\t\t\t\t\t\t\t<h2  class=\"oew-main-heading\">\n\t\t\t\t\t<div>\n\t\t\t\t\t\tWarranty\n\t\t\t\t\t\t\t\t\t\t\t<\/div>\n\t\t\t\t<\/h2>\n\t\t\t\n\t\t<\/div>\n\n\t\t\t\t\t<\/div>\n\t\t\t\t<\/div>\n\t\t\t\t<div class=\"elementor-element elementor-element-53fff7d elementor-widget elementor-widget-heading\" data-id=\"53fff7d\" data-element_type=\"widget\" data-e-type=\"widget\" data-widget_type=\"heading.default\">\n\t\t\t\t<div class=\"elementor-widget-container\">\n\t\t\t\t\t<p class=\"elementor-heading-title elementor-size-default\">With Norsvik, buy with complete confidence. Fjord comes with a 12-month warranty from the date of purchase, and Odin has an 18-month extended warranty. If your unit has a manufacturing defect, we promise to repair or replace it at no additional cost during this period.<br>\n<br>\n<b>Warranty Coverage and Limitations\n<\/b><br>\nThe warranty does not cover wear and tear on wood finishes, as this material requires regular maintenance. Durability may vary depending on exposure to weather; exterior wood will be subject to greater deterioration due to the effects of sun and rain.<br><br>\n<b>Recommended Electrical Protection<br><\/b>\n\nTo protect the cooling system and prolong its service life, the use of surge protectors is recommended due to the volatility of electrical current in Costa Rica. Although the chillers come with surge protectors, an additional protection system is advisable to protect your investment.<br>\n<\/p>\t\t\t\t<\/div>\n\t\t\t\t<\/div>\n\t\t\t\t\t<\/div>\n\t\t<\/div>\n\t\t\t\t<div class=\"elementor-column elementor-col-50 elementor-top-column elementor-element elementor-element-fc92887\" data-id=\"fc92887\" data-element_type=\"column\" data-e-type=\"column\">\n\t\t\t<div class=\"elementor-widget-wrap elementor-element-populated\">\n\t\t\t\t\t\t<div class=\"elementor-element elementor-element-9bf42e5 elementor-widget elementor-widget-image\" data-id=\"9bf42e5\" data-element_type=\"widget\" data-e-type=\"widget\" data-widget_type=\"image.default\">\n\t\t\t\t<div class=\"elementor-widget-container\">\n\t\t\t\t\t\t\t\t\t\t\t\t\t\t\t<img fetchpriority=\"high\" decoding=\"async\" width=\"667\" height=\"1001\" src=\"https:\/\/norsvik.com\/wp-content\/uploads\/2024\/10\/paisaje-vertical2.jpg\" class=\"attachment-full size-full wp-image-1762\" alt=\"vertical gray\" srcset=\"https:\/\/norsvik.com\/wp-content\/uploads\/2024\/10\/paisaje-vertical2.jpg 667w, https:\/\/norsvik.com\/wp-content\/uploads\/2024\/10\/paisaje-vertical2-600x900.jpg 600w, https:\/\/norsvik.com\/wp-content\/uploads\/2024\/10\/paisaje-vertical2-200x300.jpg 200w\" sizes=\"(max-width: 667px) 100vw, 667px\" \/>\t\t\t\t\t\t\t\t\t\t\t\t\t\t\t<\/div>\n\t\t\t\t<\/div>\n\t\t\t\t\t<\/div>\n\t\t<\/div>\n\t\t\t\t\t<\/div>\n\t\t<\/section>\n\t\t\t\t<section class=\"elementor-section elementor-top-section elementor-element elementor-element-c1e105d elementor-section-content-middle elementor-section-boxed elementor-section-height-default elementor-section-height-default\" data-id=\"c1e105d\" data-element_type=\"section\" data-e-type=\"section\" data-settings=\"{&quot;background_background&quot;:&quot;classic&quot;}\">\n\t\t\t\t\t\t<div class=\"elementor-container elementor-column-gap-default\">\n\t\t\t\t\t<div class=\"elementor-column elementor-col-50 elementor-top-column elementor-element elementor-element-0898d39\" data-id=\"0898d39\" data-element_type=\"column\" data-e-type=\"column\">\n\t\t\t<div class=\"elementor-widget-wrap elementor-element-populated\">\n\t\t\t\t\t\t<div class=\"elementor-element elementor-element-2d1f8e1 elementor-widget elementor-widget-image\" data-id=\"2d1f8e1\" data-element_type=\"widget\" data-e-type=\"widget\" data-widget_type=\"image.default\">\n\t\t\t\t<div class=\"elementor-widget-container\">\n\t\t\t\t\t\t\t\t\t\t\t\t\t\t\t<img decoding=\"async\" width=\"667\" height=\"1001\" src=\"https:\/\/norsvik.com\/wp-content\/uploads\/2024\/10\/paisaje-vertical-4.jpg\" class=\"attachment-medium_large size-medium_large wp-image-1773\" alt=\"vertical norsvik landscape\" srcset=\"https:\/\/norsvik.com\/wp-content\/uploads\/2024\/10\/paisaje-vertical-4.jpg 667w, https:\/\/norsvik.com\/wp-content\/uploads\/2024\/10\/paisaje-vertical-4-600x900.jpg 600w, https:\/\/norsvik.com\/wp-content\/uploads\/2024\/10\/paisaje-vertical-4-200x300.jpg 200w\" sizes=\"(max-width: 667px) 100vw, 667px\" \/>\t\t\t\t\t\t\t\t\t\t\t\t\t\t\t<\/div>\n\t\t\t\t<\/div>\n\t\t\t\t\t<\/div>\n\t\t<\/div>\n\t\t\t\t<div class=\"elementor-column elementor-col-50 elementor-top-column elementor-element elementor-element-6bef3ea\" data-id=\"6bef3ea\" data-element_type=\"column\" data-e-type=\"column\">\n\t\t\t<div class=\"elementor-widget-wrap elementor-element-populated\">\n\t\t\t\t\t\t<div class=\"elementor-element elementor-element-469cc3d oew-background-heading-left elementor-mobile-align-center oew-mobile-background-heading-center elementor-align-left elementor-widget elementor-widget-oew-advanced-heading\" data-id=\"469cc3d\" data-element_type=\"widget\" data-e-type=\"widget\" data-widget_type=\"oew-advanced-heading.default\">\n\t\t\t\t<div class=\"elementor-widget-container\">\n\t\t\t\t\t\n\t\t<div class=\"oew-advanced-heading\">\n\n\t\t\t\t\t\t\t<div class=\"oew-background-heading oew-has-bg\">\n\t\t\t\t\t<div>Cold immersion<\/div>\n\t\t\t\t<\/div>\n\t\t\t\t\t\t\t<h2  class=\"oew-main-heading\">\n\t\t\t\t\t<div>\n\t\t\t\t\t\tShipping\n\t\t\t\t\t\t\t\t\t\t\t<\/div>\n\t\t\t\t<\/h2>\n\t\t\t\n\t\t<\/div>\n\n\t\t\t\t\t<\/div>\n\t\t\t\t<\/div>\n\t\t\t\t<div class=\"elementor-element elementor-element-9981196 elementor-widget elementor-widget-heading\" data-id=\"9981196\" data-element_type=\"widget\" data-e-type=\"widget\" data-widget_type=\"heading.default\">\n\t\t\t\t<div class=\"elementor-widget-container\">\n\t\t\t\t\t<p class=\"elementor-heading-title elementor-size-default\">We offer shipping and installation at no additional cost within the GAM. See T&amp;C below*.\n<br><br>\nShipping and installation outside of GAM is quoted separately, and normally ranges from $500 to $750 depending on the address, model and number of units. \n<\/p>\t\t\t\t<\/div>\n\t\t\t\t<\/div>\n\t\t\t\t<div class=\"elementor-element elementor-element-4810cf2 elementor-widget-divider--view-line elementor-widget elementor-widget-divider\" data-id=\"4810cf2\" data-element_type=\"widget\" data-e-type=\"widget\" data-widget_type=\"divider.default\">\n\t\t\t\t<div class=\"elementor-widget-container\">\n\t\t\t\t\t\t\t<div class=\"elementor-divider\">\n\t\t\t<span class=\"elementor-divider-separator\">\n\t\t\t\t\t\t<\/span>\n\t\t<\/div>\n\t\t\t\t\t\t<\/div>\n\t\t\t\t<\/div>\n\t\t\t\t\t<\/div>\n\t\t<\/div>\n\t\t\t\t\t<\/div>\n\t\t<\/section>\n\t\t\t\t<section class=\"elementor-section elementor-top-section elementor-element elementor-element-99030c3 elementor-section-height-min-height elementor-section-boxed elementor-section-height-default elementor-section-items-middle\" data-id=\"99030c3\" data-element_type=\"section\" data-e-type=\"section\" data-settings=\"{&quot;background_background&quot;:&quot;classic&quot;}\">\n\t\t\t\t\t\t\t<div class=\"elementor-background-overlay\"><\/div>\n\t\t\t\t\t\t\t<div class=\"elementor-container elementor-column-gap-default\">\n\t\t\t\t\t<div class=\"elementor-column elementor-col-100 elementor-top-column elementor-element elementor-element-c8051db\" data-id=\"c8051db\" data-element_type=\"column\" data-e-type=\"column\">\n\t\t\t<div class=\"elementor-widget-wrap elementor-element-populated\">\n\t\t\t\t\t\t<div class=\"elementor-element elementor-element-fcc7115 oew-background-heading-center elementor-widget__width-initial elementor-mobile-align-center elementor-align-center elementor-widget elementor-widget-oew-advanced-heading\" data-id=\"fcc7115\" data-element_type=\"widget\" data-e-type=\"widget\" data-widget_type=\"oew-advanced-heading.default\">\n\t\t\t\t<div class=\"elementor-widget-container\">\n\t\t\t\t\t\n\t\t<div class=\"oew-advanced-heading\">\n\n\t\t\t\t\t\t\t<div class=\"oew-background-heading oew-has-bg\">\n\t\t\t\t\t<div>INSTALLATION<\/div>\n\t\t\t\t<\/div>\n\t\t\t\t\t\t\t<h2  class=\"oew-main-heading\">\n\t\t\t\t\t<div>\n\t\t\t\t\t\tT&amp;C free shipping and installation service\n\t\t\t\t\t\t\t\t\t\t\t<\/div>\n\t\t\t\t<\/h2>\n\t\t\t\n\t\t<\/div>\n\n\t\t\t\t\t<\/div>\n\t\t\t\t<\/div>\n\t\t\t\t<div class=\"elementor-element elementor-element-d8b657d elementor-widget-mobile__width-initial elementor-widget elementor-widget-text-editor\" data-id=\"d8b657d\" data-element_type=\"widget\" data-e-type=\"widget\" data-widget_type=\"text-editor.default\">\n\t\t\t\t<div class=\"elementor-widget-container\">\n\t\t\t\t\t\t\t\t\t<p><strong>Terms and Conditions for Free Shipping and Free Installation Service<\/strong><\/p><p><strong>Geographic Scope:<\/strong><br \/>Free shipping and installation service applies only to addresses within the Greater Metropolitan Area (GAM).<\/p><p><strong>2. Access Requirements:<\/strong><br \/>The installation will be carried out on the same level where the unit is unloaded. In the event that access to the installation location includes stairs, the customer must notify us in advance, as the presence of stairs requires additional personnel for safe transport maneuvers, both for our operators and for the structure of the customer's home. Please note that our units weigh up to 250 kg, and the equipment required for safe installation varies depending on accessibility.<\/p><p><strong>3. Connection Requirements:<\/strong><br \/>To perform the installation, the customer must provide:<\/p><ul><li><strong>Access to potable water:<\/strong> A hose that reaches the installation site is sufficient.<\/li><li><strong>Adequate place to drain:<\/strong> such as a garden or easily accessible drainage.<\/li><li><strong>120v electrical outlet with ground.<\/strong><\/li><\/ul><p><strong>4. Exclusions from Service:<\/strong><br \/>Our service does not include additional plumbing or electrical work.<\/p><p><strong>5. The scope of the installation consists exclusively of:<\/strong><\/p><ul><li>Deliver the cold plunge to the place indicated by the client.<\/li><li>Open the box and remove the packing materials.<\/li><li>Filling the unit with water and guiding the customer through the first power-up and chill cycle. Providing clear instructions for use and maintenance.<\/li><\/ul><hr \/>\t\t\t\t\t\t\t\t<\/div>\n\t\t\t\t<\/div>\n\t\t\t\t<div class=\"elementor-element elementor-element-d9f7281 elementor-widget elementor-widget-text-editor\" data-id=\"d9f7281\" data-element_type=\"widget\" data-e-type=\"widget\" data-widget_type=\"text-editor.default\">\n\t\t\t\t<div class=\"elementor-widget-container\">\n\t\t\t\t\t\t\t\t\t<p><b>Please contact us to coordinate the details of your delivery and installation to ensure a smooth experience.<\/b><\/p>\t\t\t\t\t\t\t\t<\/div>\n\t\t\t\t<\/div>\n\t\t\t\t\t<\/div>\n\t\t<\/div>\n\t\t\t\t\t<\/div>\n\t\t<\/section>\n\t\t\t\t<section class=\"elementor-section elementor-top-section elementor-element elementor-element-045f0ee elementor-section-content-middle elementor-section-boxed elementor-section-height-default elementor-section-height-default\" data-id=\"045f0ee\" data-element_type=\"section\" data-e-type=\"section\" data-settings=\"{&quot;background_background&quot;:&quot;classic&quot;}\">\n\t\t\t\t\t\t<div class=\"elementor-container elementor-column-gap-default\">\n\t\t\t\t\t<div class=\"elementor-column elementor-col-50 elementor-top-column elementor-element elementor-element-3b2025d\" data-id=\"3b2025d\" data-element_type=\"column\" data-e-type=\"column\">\n\t\t\t<div class=\"elementor-widget-wrap elementor-element-populated\">\n\t\t\t\t\t\t<div class=\"elementor-element elementor-element-a311793 elementor-align-left oew-background-heading-left elementor-tablet-align-center oew-tablet-background-heading-center elementor-widget elementor-widget-oew-advanced-heading\" data-id=\"a311793\" data-element_type=\"widget\" data-e-type=\"widget\" data-widget_type=\"oew-advanced-heading.default\">\n\t\t\t\t<div class=\"elementor-widget-container\">\n\t\t\t\t\t\n\t\t<div class=\"oew-advanced-heading\">\n\n\t\t\t\t\t\t\t<div class=\"oew-background-heading oew-has-bg\">\n\t\t\t\t\t<div>See our showroom<\/div>\n\t\t\t\t<\/div>\n\t\t\t\t\t\t\t<h2  class=\"oew-main-heading\">\n\t\t\t\t\t<div>\n\t\t\t\t\t\tWhatsApp\n\t\t\t\t\t\t\t\t\t\t\t<\/div>\n\t\t\t\t<\/h2>\n\t\t\t\n\t\t<\/div>\n\n\t\t\t\t\t<\/div>\n\t\t\t\t<\/div>\n\t\t\t\t<div class=\"elementor-element elementor-element-734ac1d elementor-widget elementor-widget-heading\" data-id=\"734ac1d\" data-element_type=\"widget\" data-e-type=\"widget\" data-widget_type=\"heading.default\">\n\t\t\t\t<div class=\"elementor-widget-container\">\n\t\t\t\t\t<p class=\"elementor-heading-title elementor-size-default\">Come try our cold plunges in our showroom in Guachipel\u00edn, Escaz\u00fa. <\/p>\t\t\t\t<\/div>\n\t\t\t\t<\/div>\n\t\t\t\t\t<\/div>\n\t\t<\/div>\n\t\t\t\t<div class=\"elementor-column elementor-col-50 elementor-top-column elementor-element elementor-element-1d3d639\" data-id=\"1d3d639\" data-element_type=\"column\" data-e-type=\"column\">\n\t\t\t<div class=\"elementor-widget-wrap elementor-element-populated\">\n\t\t\t\t\t\t<div class=\"elementor-element elementor-element-d83fc76 elementor-align-right elementor-tablet-align-center elementor-widget elementor-widget-button\" data-id=\"d83fc76\" data-element_type=\"widget\" data-e-type=\"widget\" data-widget_type=\"button.default\">\n\t\t\t\t<div class=\"elementor-widget-container\">\n\t\t\t\t\t\t\t\t\t<div class=\"elementor-button-wrapper\">\n\t\t\t\t\t<a class=\"elementor-button elementor-button-link elementor-size-sm\" href=\"https:\/\/norsvik.com\/en\/?page_id=1795\">\n\t\t\t\t\t\t<span class=\"elementor-button-content-wrapper\">\n\t\t\t\t\t\t<span class=\"elementor-button-icon\">\n\t\t\t\t<svg aria-hidden=\"true\" class=\"e-font-icon-svg e-fas-chevron-right\" viewbox=\"0 0 320 512\" xmlns=\"http:\/\/www.w3.org\/2000\/svg\"><path d=\"M285.476 272.971L91.132 467.314c-9.373 9.373-24.569 9.373-33.941 0l-22.667-22.667c-9.357-9.357-9.375-24.522-.04-33.901L188.505 256 34.484 101.255c-9.335-9.379-9.317-24.544.04-33.901l22.667-22.667c9.373-9.373 24.569-9.373 33.941 0L285.475 239.03c9.373 9.372 9.373 24.568.001 33.941z\"><\/path><\/svg>\t\t\t<\/span>\n\t\t\t\t\t\t\t\t\t<span class=\"elementor-button-text\">Contact us at<\/span>\n\t\t\t\t\t<\/span>\n\t\t\t\t\t<\/a>\n\t\t\t\t<\/div>\n\t\t\t\t\t\t\t\t<\/div>\n\t\t\t\t<\/div>\n\t\t\t\t\t<\/div>\n\t\t<\/div>\n\t\t\t\t\t<\/div>\n\t\t<\/section>\n\t\t\t\t<\/div>","protected":false},"excerpt":{"rendered":"<p>Norsvik Env\u00edos y garant\u00eda Conozca los detalles sobre nuestras opciones de env\u00edo, pol\u00edticas de garant\u00eda y c\u00f3mo protegemos tu inversi\u00f3n en Norsvik. Inmersi\u00f3n en fr\u00edo Garant\u00eda Con Norsvik, compre con plena confianza. Fjord incluye una garant\u00eda de 12 meses a partir de la fecha de compra, y Odin tiene una garant\u00eda extendida de 18 meses. [&hellip;]<\/p>\n","protected":false},"author":1,"featured_media":0,"parent":0,"menu_order":0,"comment_status":"closed","ping_status":"closed","template":"","meta":{"om_disable_all_campaigns":false,"ocean_post_layout":"full-screen","ocean_both_sidebars_style":"","ocean_both_sidebars_content_width":0,"ocean_both_sidebars_sidebars_width":0,"ocean_sidebar":"0","ocean_second_sidebar":"0","ocean_disable_margins":"on","ocean_add_body_class":"","ocean_shortcode_before_top_bar":"","ocean_shortcode_after_top_bar":"","ocean_shortcode_before_header":"","ocean_shortcode_after_header":"","ocean_has_shortcode":"","ocean_shortcode_after_title":"","ocean_shortcode_before_footer_widgets":"","ocean_shortcode_after_footer_widgets":"","ocean_shortcode_before_footer_bottom":"","ocean_shortcode_after_footer_bottom":"","ocean_display_top_bar":"default","ocean_display_header":"default","ocean_header_style":"","ocean_center_header_left_menu":"0","ocean_custom_header_template":"0","ocean_custom_logo":0,"ocean_custom_retina_logo":0,"ocean_custom_logo_max_width":0,"ocean_custom_logo_tablet_max_width":0,"ocean_custom_logo_mobile_max_width":0,"ocean_custom_logo_max_height":0,"ocean_custom_logo_tablet_max_height":0,"ocean_custom_logo_mobile_max_height":0,"ocean_header_custom_menu":"0","ocean_menu_typo_font_family":"0","ocean_menu_typo_font_subset":"","ocean_menu_typo_font_size":0,"ocean_menu_typo_font_size_tablet":0,"ocean_menu_typo_font_size_mobile":0,"ocean_menu_typo_font_size_unit":"px","ocean_menu_typo_font_weight":"","ocean_menu_typo_font_weight_tablet":"","ocean_menu_typo_font_weight_mobile":"","ocean_menu_typo_transform":"","ocean_menu_typo_transform_tablet":"","ocean_menu_typo_transform_mobile":"","ocean_menu_typo_line_height":0,"ocean_menu_typo_line_height_tablet":0,"ocean_menu_typo_line_height_mobile":0,"ocean_menu_typo_line_height_unit":"","ocean_menu_typo_spacing":0,"ocean_menu_typo_spacing_tablet":0,"ocean_menu_typo_spacing_mobile":0,"ocean_menu_typo_spacing_unit":"","ocean_menu_link_color":"","ocean_menu_link_color_hover":"","ocean_menu_link_color_active":"","ocean_menu_link_background":"","ocean_menu_link_hover_background":"","ocean_menu_link_active_background":"","ocean_menu_social_links_bg":"","ocean_menu_social_hover_links_bg":"","ocean_menu_social_links_color":"","ocean_menu_social_hover_links_color":"","ocean_disable_title":"default","ocean_disable_heading":"default","ocean_post_title":"","ocean_post_subheading":"","ocean_post_title_style":"","ocean_post_title_background_color":"","ocean_post_title_background":0,"ocean_post_title_bg_image_position":"","ocean_post_title_bg_image_attachment":"","ocean_post_title_bg_image_repeat":"","ocean_post_title_bg_image_size":"","ocean_post_title_height":0,"ocean_post_title_bg_overlay":0.5,"ocean_post_title_bg_overlay_color":"","ocean_disable_breadcrumbs":"default","ocean_breadcrumbs_color":"","ocean_breadcrumbs_separator_color":"","ocean_breadcrumbs_links_color":"","ocean_breadcrumbs_links_hover_color":"","ocean_display_footer_widgets":"default","ocean_display_footer_bottom":"default","ocean_custom_footer_template":"0","osh_disable_topbar_sticky":"default","osh_disable_header_sticky":"default","osh_sticky_header_style":"default","osh_sticky_header_effect":"","osh_custom_sticky_logo":0,"osh_custom_retina_sticky_logo":0,"osh_custom_sticky_logo_height":0,"osh_background_color":"","osh_links_color":"","osh_links_hover_color":"","osh_links_active_color":"","osh_links_bg_color":"","osh_links_hover_bg_color":"","osh_links_active_bg_color":"","osh_menu_social_links_color":"","osh_menu_social_hover_links_color":"","footnotes":""},"class_list":["post-1750","page","type-page","status-publish","hentry","entry","owp-thumbs-layout-horizontal","owp-btn-normal","owp-tabs-layout-horizontal","has-no-thumbnails","has-product-nav"],"aioseo_notices":[],"_links":{"self":[{"href":"https:\/\/norsvik.com\/en\/wp-json\/wp\/v2\/pages\/1750","targetHints":{"allow":["GET"]}}],"collection":[{"href":"https:\/\/norsvik.com\/en\/wp-json\/wp\/v2\/pages"}],"about":[{"href":"https:\/\/norsvik.com\/en\/wp-json\/wp\/v2\/types\/page"}],"author":[{"embeddable":true,"href":"https:\/\/norsvik.com\/en\/wp-json\/wp\/v2\/users\/1"}],"replies":[{"embeddable":true,"href":"https:\/\/norsvik.com\/en\/wp-json\/wp\/v2\/comments?post=1750"}],"version-history":[{"count":85,"href":"https:\/\/norsvik.com\/en\/wp-json\/wp\/v2\/pages\/1750\/revisions"}],"predecessor-version":[{"id":3265,"href":"https:\/\/norsvik.com\/en\/wp-json\/wp\/v2\/pages\/1750\/revisions\/3265"}],"wp:attachment":[{"href":"https:\/\/norsvik.com\/en\/wp-json\/wp\/v2\/media?parent=1750"}],"curies":[{"name":"wp","href":"https:\/\/api.w.org\/{rel}","templated":true}]}}