{"id":3,"date":"2024-10-01T15:22:25","date_gmt":"2024-10-01T15:22:25","guid":{"rendered":"https:\/\/norsvik.com\/?page_id=3"},"modified":"2024-10-07T18:18:30","modified_gmt":"2024-10-07T18:18:30","slug":"privacy-policy","status":"publish","type":"page","link":"https:\/\/norsvik.com\/en\/privacy-policy\/","title":{"rendered":"Terms and Conditions"},"content":{"rendered":"<div data-elementor-type=\"wp-page\" data-elementor-id=\"3\" class=\"elementor elementor-3\" data-elementor-post-type=\"page\">\n\t\t\t\t<div class=\"elementor-element elementor-element-41c9fdba e-flex e-con-boxed e-con e-parent\" data-id=\"41c9fdba\" data-element_type=\"container\" data-e-type=\"container\">\n\t\t\t\t\t<div class=\"e-con-inner\">\n\t\t\t\t<div class=\"elementor-element elementor-element-7116fb9b elementor-widget elementor-widget-text-editor\" data-id=\"7116fb9b\" data-element_type=\"widget\" data-e-type=\"widget\" data-widget_type=\"text-editor.default\">\n\t\t\t\t<div class=\"elementor-widget-container\">\n\t\t\t\t\t\t\t\t\t<p><\/p>\n<p><b>1) Introduction<\/b><b><br \/><\/b><span style=\"font-weight: 400;\">By accessing and using this website, you agree to the following terms and conditions. If you do not agree to these terms, please do not use the website.<\/span><\/p>\n<p><b>2) Intellectual Property<\/b><b><br \/><\/b><span style=\"font-weight: 400;\">NORSVIK is a registered trademark. The entire content of the website, including text, images, logos and graphics, is protected by intellectual property rights and may not be used without the express permission of NORSVIK.<\/span><\/p>\n<p><b>3) Use of Products<\/b><b><br \/><\/b><span style=\"font-weight: 400;\">Our products are designed for cold plunge. Before using any cold plunge, it is recommended that you consult with a physician, especially if you have any pre-existing medical condition. Use of these products implies acceptance of the inherent risk associated with cold plunge. NORSVIK is not responsible for any damage or injury resulting from improper or reckless use of the products. Improper use of these products or failure to follow the recommendations described may result in permanent injury or death.\u00a0<\/span><\/p>\n<p><b>4) Security<\/b><b><br \/><\/b><span style=\"font-weight: 400;\">Never use a cold plunge alone. It should always be used in the presence of at least one accompanying person. Our products are not intended for use by children. It is your responsibility to ensure that all users comply with these safety guidelines. The depth of the tub is deep enough for a small child to drown, it is very important that it is kept tightly covered and out of reach of children to prevent accidents.<\/span><\/p>\n<p><b>5) Responsibility<\/b><b><br \/><\/b><span style=\"font-weight: 400;\">NORSVIK shall not be liable for direct, indirect, incidental or consequential damages that may result from the use or inability to use our products. NORSVIK's liability is limited to the purchase value of the defective or non-conforming product.<\/span><\/p>\n<p><b>6) Warranty and Replacement<\/b><b><br \/><\/b><span style=\"font-weight: 400;\">We offer a 12-month warranty on our products. In case of defects or failures, NORSVIK agrees to repair or replace the product at no additional cost. This warranty does not cover damage caused by misuse, neglect, abuse or unauthorized modifications.<\/span><\/p>\n<p><b>7) Shipping and Delivery<\/b><b><br \/><\/b><span style=\"font-weight: 400;\">Curbside delivery service is available at no additional cost within the established area. For deliveries outside this area, a fee of $200 will apply. Curbside delivery service covers delivery up to street level. Any additional assistance for installation or removal within the property is quoted separately and is subject to availability.<\/span><\/p>\n<p><b>8) Modifications and Cancellations<\/b><b><br \/><\/b><span style=\"font-weight: 400;\">NORSVIK reserves the right to modify these terms and conditions at any time. Any changes will be effective at the time of posting on the website. It is your responsibility to regularly review the terms and conditions to keep yourself informed of any changes.<\/span><\/p>\n<p><b>9) Applicable Law<\/b><b><br \/><\/b><span style=\"font-weight: 400;\">These terms and conditions shall be governed by and construed in accordance with the laws of the country in which the transaction takes place. Any dispute relating to these terms and conditions shall be subject to the jurisdiction of the competent courts in such jurisdiction.<\/span><\/p>\n<p><b>10) Contact<\/b><b><br \/><\/b><span style=\"font-weight: 400;\">For any questions regarding these terms and conditions, please contact us through the information provided on our website.<\/span><\/p>\n<p><span style=\"font-weight: 400;\">By using this website, you accept these terms and conditions in their entirety. If you have any questions or concerns, please do not hesitate to contact us.<\/span><\/p>\t\t\t\t\t\t\t\t<\/div>\n\t\t\t\t<\/div>\n\t\t\t\t\t<\/div>\n\t\t\t\t<\/div>\n\t\t<div class=\"elementor-element elementor-element-3718086 e-flex e-con-boxed e-con e-parent\" data-id=\"3718086\" data-element_type=\"container\" data-e-type=\"container\">\n\t\t\t\t\t<div class=\"e-con-inner\">\n\t\t\t\t\t<\/div>\n\t\t\t\t<\/div>\n\t\t\t\t<\/div>","protected":false},"excerpt":{"rendered":"<p>1) Introducci\u00f3nAl acceder y utilizar este sitio web, usted acepta los siguientes t\u00e9rminos y condiciones. Si no est\u00e1 de acuerdo con estos t\u00e9rminos, por favor, no utilice el sitio web. 2) Propiedad IntelectualNORSVIK es una marca registrada. Todo el contenido del sitio web, incluyendo textos, im\u00e1genes, logotipos y gr\u00e1ficos, est\u00e1 protegido por derechos de propiedad [&hellip;]<\/p>\n","protected":false},"author":1,"featured_media":0,"parent":0,"menu_order":0,"comment_status":"closed","ping_status":"open","template":"elementor_header_footer","meta":{"om_disable_all_campaigns":false,"ocean_post_layout":"","ocean_both_sidebars_style":"","ocean_both_sidebars_content_width":0,"ocean_both_sidebars_sidebars_width":0,"ocean_sidebar":"","ocean_second_sidebar":"","ocean_disable_margins":"enable","ocean_add_body_class":"","ocean_shortcode_before_top_bar":"","ocean_shortcode_after_top_bar":"","ocean_shortcode_before_header":"","ocean_shortcode_after_header":"","ocean_has_shortcode":"","ocean_shortcode_after_title":"","ocean_shortcode_before_footer_widgets":"","ocean_shortcode_after_footer_widgets":"","ocean_shortcode_before_footer_bottom":"","ocean_shortcode_after_footer_bottom":"","ocean_display_top_bar":"default","ocean_display_header":"default","ocean_header_style":"","ocean_center_header_left_menu":"","ocean_custom_header_template":"","ocean_custom_logo":0,"ocean_custom_retina_logo":0,"ocean_custom_logo_max_width":0,"ocean_custom_logo_tablet_max_width":0,"ocean_custom_logo_mobile_max_width":0,"ocean_custom_logo_max_height":0,"ocean_custom_logo_tablet_max_height":0,"ocean_custom_logo_mobile_max_height":0,"ocean_header_custom_menu":"","ocean_menu_typo_font_family":"","ocean_menu_typo_font_subset":"","ocean_menu_typo_font_size":0,"ocean_menu_typo_font_size_tablet":0,"ocean_menu_typo_font_size_mobile":0,"ocean_menu_typo_font_size_unit":"px","ocean_menu_typo_font_weight":"","ocean_menu_typo_font_weight_tablet":"","ocean_menu_typo_font_weight_mobile":"","ocean_menu_typo_transform":"","ocean_menu_typo_transform_tablet":"","ocean_menu_typo_transform_mobile":"","ocean_menu_typo_line_height":0,"ocean_menu_typo_line_height_tablet":0,"ocean_menu_typo_line_height_mobile":0,"ocean_menu_typo_line_height_unit":"","ocean_menu_typo_spacing":0,"ocean_menu_typo_spacing_tablet":0,"ocean_menu_typo_spacing_mobile":0,"ocean_menu_typo_spacing_unit":"","ocean_menu_link_color":"","ocean_menu_link_color_hover":"","ocean_menu_link_color_active":"","ocean_menu_link_background":"","ocean_menu_link_hover_background":"","ocean_menu_link_active_background":"","ocean_menu_social_links_bg":"","ocean_menu_social_hover_links_bg":"","ocean_menu_social_links_color":"","ocean_menu_social_hover_links_color":"","ocean_disable_title":"default","ocean_disable_heading":"default","ocean_post_title":"","ocean_post_subheading":"","ocean_post_title_style":"","ocean_post_title_background_color":"","ocean_post_title_background":0,"ocean_post_title_bg_image_position":"","ocean_post_title_bg_image_attachment":"","ocean_post_title_bg_image_repeat":"","ocean_post_title_bg_image_size":"","ocean_post_title_height":0,"ocean_post_title_bg_overlay":0.5,"ocean_post_title_bg_overlay_color":"","ocean_disable_breadcrumbs":"default","ocean_breadcrumbs_color":"","ocean_breadcrumbs_separator_color":"","ocean_breadcrumbs_links_color":"","ocean_breadcrumbs_links_hover_color":"","ocean_display_footer_widgets":"default","ocean_display_footer_bottom":"default","ocean_custom_footer_template":"","osh_disable_topbar_sticky":"default","osh_disable_header_sticky":"default","osh_sticky_header_style":"default","osh_sticky_header_effect":"","osh_custom_sticky_logo":0,"osh_custom_retina_sticky_logo":0,"osh_custom_sticky_logo_height":0,"osh_background_color":"","osh_links_color":"","osh_links_hover_color":"","osh_links_active_color":"","osh_links_bg_color":"","osh_links_hover_bg_color":"","osh_links_active_bg_color":"","osh_menu_social_links_color":"","osh_menu_social_hover_links_color":"","footnotes":""},"class_list":["post-3","page","type-page","status-publish","hentry","entry","owp-thumbs-layout-horizontal","owp-btn-normal","owp-tabs-layout-horizontal","has-no-thumbnails","has-product-nav"],"aioseo_notices":[],"_links":{"self":[{"href":"https:\/\/norsvik.com\/en\/wp-json\/wp\/v2\/pages\/3","targetHints":{"allow":["GET"]}}],"collection":[{"href":"https:\/\/norsvik.com\/en\/wp-json\/wp\/v2\/pages"}],"about":[{"href":"https:\/\/norsvik.com\/en\/wp-json\/wp\/v2\/types\/page"}],"author":[{"embeddable":true,"href":"https:\/\/norsvik.com\/en\/wp-json\/wp\/v2\/users\/1"}],"replies":[{"embeddable":true,"href":"https:\/\/norsvik.com\/en\/wp-json\/wp\/v2\/comments?post=3"}],"version-history":[{"count":6,"href":"https:\/\/norsvik.com\/en\/wp-json\/wp\/v2\/pages\/3\/revisions"}],"predecessor-version":[{"id":1854,"href":"https:\/\/norsvik.com\/en\/wp-json\/wp\/v2\/pages\/3\/revisions\/1854"}],"wp:attachment":[{"href":"https:\/\/norsvik.com\/en\/wp-json\/wp\/v2\/media?parent=3"}],"curies":[{"name":"wp","href":"https:\/\/api.w.org\/{rel}","templated":true}]}}