{"id":1750,"date":"2024-10-07T15:14:04","date_gmt":"2024-10-07T15:14:04","guid":{"rendered":"https:\/\/norsvik.com\/?page_id=1750"},"modified":"2025-12-12T18:08:09","modified_gmt":"2025-12-13T00:08:09","slug":"envios-y-garantia","status":"publish","type":"page","link":"https:\/\/norsvik.com\/es\/envios-y-garantia\/","title":{"rendered":"Env\u00edos y garant\u00eda"},"content":{"rendered":"\t\t<div data-elementor-type=\"wp-page\" data-elementor-id=\"1750\" class=\"elementor elementor-1750\" data-elementor-post-type=\"page\">\n\t\t\t\t\t\t<section class=\"elementor-section elementor-top-section elementor-element elementor-element-c5c5183 elementor-section-content-middle elementor-section-boxed elementor-section-height-default elementor-section-height-default\" data-id=\"c5c5183\" data-element_type=\"section\" data-e-type=\"section\" data-settings=\"{&quot;background_background&quot;:&quot;classic&quot;}\">\n\t\t\t\t\t\t<div class=\"elementor-container elementor-column-gap-default\">\n\t\t\t\t\t<div class=\"elementor-column elementor-col-100 elementor-top-column elementor-element elementor-element-73e6e88\" data-id=\"73e6e88\" data-element_type=\"column\" data-e-type=\"column\" data-settings=\"{&quot;background_background&quot;:&quot;classic&quot;}\">\n\t\t\t<div class=\"elementor-widget-wrap elementor-element-populated\">\n\t\t\t\t\t\t<div class=\"elementor-element elementor-element-df8adad oew-background-heading-center elementor-mobile-align-center oew-mobile-background-heading-center elementor-align-center elementor-widget elementor-widget-oew-advanced-heading\" data-id=\"df8adad\" data-element_type=\"widget\" data-e-type=\"widget\" data-widget_type=\"oew-advanced-heading.default\">\n\t\t\t\t<div class=\"elementor-widget-container\">\n\t\t\t\t\t\n\t\t<div class=\"oew-advanced-heading\">\n\n\t\t\t\t\t\t\t<div class=\"oew-background-heading oew-has-bg\">\n\t\t\t\t\t<div>Norsvik<\/div>\n\t\t\t\t<\/div>\n\t\t\t\t\t\t\t<h2  class=\"oew-main-heading\">\n\t\t\t\t\t<div>\n\t\t\t\t\t\tEnv\u00edos y garant\u00eda\n\t\t\t\t\t\t\t\t\t\t\t<\/div>\n\t\t\t\t<\/h2>\n\t\t\t\n\t\t<\/div>\n\n\t\t\t\t\t<\/div>\n\t\t\t\t<\/div>\n\t\t\t\t<div class=\"elementor-element elementor-element-7108694 elementor-widget__width-initial elementor-widget elementor-widget-heading\" data-id=\"7108694\" data-element_type=\"widget\" data-e-type=\"widget\" data-widget_type=\"heading.default\">\n\t\t\t\t<div class=\"elementor-widget-container\">\n\t\t\t\t\t<p class=\"elementor-heading-title elementor-size-default\">Conozca los detalles sobre nuestras opciones de env\u00edo, pol\u00edticas de garant\u00eda y c\u00f3mo protegemos tu inversi\u00f3n en Norsvik.<\/p>\t\t\t\t<\/div>\n\t\t\t\t<\/div>\n\t\t\t\t\t<\/div>\n\t\t<\/div>\n\t\t\t\t\t<\/div>\n\t\t<\/section>\n\t\t\t\t<section class=\"elementor-section elementor-top-section elementor-element elementor-element-413fae1 elementor-section-content-middle elementor-section-boxed elementor-section-height-default elementor-section-height-default\" data-id=\"413fae1\" data-element_type=\"section\" data-e-type=\"section\" data-settings=\"{&quot;background_background&quot;:&quot;classic&quot;}\">\n\t\t\t\t\t\t<div class=\"elementor-container elementor-column-gap-default\">\n\t\t\t\t\t<div class=\"elementor-column elementor-col-50 elementor-top-column elementor-element elementor-element-50cf8b7\" data-id=\"50cf8b7\" data-element_type=\"column\" data-e-type=\"column\">\n\t\t\t<div class=\"elementor-widget-wrap elementor-element-populated\">\n\t\t\t\t\t\t<div class=\"elementor-element elementor-element-8059492 oew-background-heading-left elementor-mobile-align-center oew-mobile-background-heading-center elementor-align-left elementor-widget elementor-widget-oew-advanced-heading\" data-id=\"8059492\" data-element_type=\"widget\" data-e-type=\"widget\" data-widget_type=\"oew-advanced-heading.default\">\n\t\t\t\t<div class=\"elementor-widget-container\">\n\t\t\t\t\t\n\t\t<div class=\"oew-advanced-heading\">\n\n\t\t\t\t\t\t\t<div class=\"oew-background-heading oew-has-bg\">\n\t\t\t\t\t<div>Inmersi\u00f3n en fr\u00edo<\/div>\n\t\t\t\t<\/div>\n\t\t\t\t\t\t\t<h2  class=\"oew-main-heading\">\n\t\t\t\t\t<div>\n\t\t\t\t\t\tGarant\u00eda\n\t\t\t\t\t\t\t\t\t\t\t<\/div>\n\t\t\t\t<\/h2>\n\t\t\t\n\t\t<\/div>\n\n\t\t\t\t\t<\/div>\n\t\t\t\t<\/div>\n\t\t\t\t<div class=\"elementor-element elementor-element-53fff7d elementor-widget elementor-widget-heading\" data-id=\"53fff7d\" data-element_type=\"widget\" data-e-type=\"widget\" data-widget_type=\"heading.default\">\n\t\t\t\t<div class=\"elementor-widget-container\">\n\t\t\t\t\t<p class=\"elementor-heading-title elementor-size-default\">Con Norsvik, compre con plena confianza. Fjord incluye una garant\u00eda de 12 meses a partir de la fecha de compra, y Odin tiene una garant\u00eda extendida de 18 meses. Si su tina presenta alg\u00fan defecto de f\u00e1brica, nos comprometemos a repararla o reemplazarla sin costo adicional durante este per\u00edodo.<br>\n<br>\n<b>Cobertura y Limitaciones de la Garant\u00eda\n<\/b><br>\nLa garant\u00eda no cubre el desgaste en acabados de madera, ya que este material requiere mantenimiento regular. La durabilidad puede variar seg\u00fan la exposici\u00f3n al clima; la madera en exteriores estar\u00e1 sujeta a mayor deterioro por efectos del sol y la lluvia.<br><br>\n<b>Protecci\u00f3n El\u00e9ctrica Recomendada<br><\/b>\n\nPara proteger el sistema de enfriamiento y prolongar su vida \u00fatil, se recomienda el uso de protectores de sobretensi\u00f3n debido a la volatilidad del servicio el\u00e9ctrico en Costa Rica. Aunque los enfriadores vienen con protectores de sobrecarga, contar con un sistema de protecci\u00f3n adicional es aconsejable para proteger su inversi\u00f3n.<br>\n<\/p>\t\t\t\t<\/div>\n\t\t\t\t<\/div>\n\t\t\t\t\t<\/div>\n\t\t<\/div>\n\t\t\t\t<div class=\"elementor-column elementor-col-50 elementor-top-column elementor-element elementor-element-fc92887\" data-id=\"fc92887\" data-element_type=\"column\" data-e-type=\"column\">\n\t\t\t<div class=\"elementor-widget-wrap elementor-element-populated\">\n\t\t\t\t\t\t<div class=\"elementor-element elementor-element-9bf42e5 elementor-widget elementor-widget-image\" data-id=\"9bf42e5\" data-element_type=\"widget\" data-e-type=\"widget\" data-widget_type=\"image.default\">\n\t\t\t\t<div class=\"elementor-widget-container\">\n\t\t\t\t\t\t\t\t\t\t\t\t\t\t\t<img fetchpriority=\"high\" decoding=\"async\" width=\"667\" height=\"1001\" src=\"https:\/\/norsvik.com\/wp-content\/uploads\/2024\/10\/paisaje-vertical2.jpg\" class=\"attachment-full size-full wp-image-1762\" alt=\"vertical grises\" srcset=\"https:\/\/norsvik.com\/wp-content\/uploads\/2024\/10\/paisaje-vertical2.jpg 667w, https:\/\/norsvik.com\/wp-content\/uploads\/2024\/10\/paisaje-vertical2-600x900.jpg 600w, https:\/\/norsvik.com\/wp-content\/uploads\/2024\/10\/paisaje-vertical2-200x300.jpg 200w\" sizes=\"(max-width: 667px) 100vw, 667px\" \/>\t\t\t\t\t\t\t\t\t\t\t\t\t\t\t<\/div>\n\t\t\t\t<\/div>\n\t\t\t\t\t<\/div>\n\t\t<\/div>\n\t\t\t\t\t<\/div>\n\t\t<\/section>\n\t\t\t\t<section class=\"elementor-section elementor-top-section elementor-element elementor-element-c1e105d elementor-section-content-middle elementor-section-boxed elementor-section-height-default elementor-section-height-default\" data-id=\"c1e105d\" data-element_type=\"section\" data-e-type=\"section\" data-settings=\"{&quot;background_background&quot;:&quot;classic&quot;}\">\n\t\t\t\t\t\t<div class=\"elementor-container elementor-column-gap-default\">\n\t\t\t\t\t<div class=\"elementor-column elementor-col-50 elementor-top-column elementor-element elementor-element-0898d39\" data-id=\"0898d39\" data-element_type=\"column\" data-e-type=\"column\">\n\t\t\t<div class=\"elementor-widget-wrap elementor-element-populated\">\n\t\t\t\t\t\t<div class=\"elementor-element elementor-element-2d1f8e1 elementor-widget elementor-widget-image\" data-id=\"2d1f8e1\" data-element_type=\"widget\" data-e-type=\"widget\" data-widget_type=\"image.default\">\n\t\t\t\t<div class=\"elementor-widget-container\">\n\t\t\t\t\t\t\t\t\t\t\t\t\t\t\t<img decoding=\"async\" width=\"667\" height=\"1001\" src=\"https:\/\/norsvik.com\/wp-content\/uploads\/2024\/10\/paisaje-vertical-4.jpg\" class=\"attachment-medium_large size-medium_large wp-image-1773\" alt=\"paisaje norsvik vertical\" srcset=\"https:\/\/norsvik.com\/wp-content\/uploads\/2024\/10\/paisaje-vertical-4.jpg 667w, https:\/\/norsvik.com\/wp-content\/uploads\/2024\/10\/paisaje-vertical-4-600x900.jpg 600w, https:\/\/norsvik.com\/wp-content\/uploads\/2024\/10\/paisaje-vertical-4-200x300.jpg 200w\" sizes=\"(max-width: 667px) 100vw, 667px\" \/>\t\t\t\t\t\t\t\t\t\t\t\t\t\t\t<\/div>\n\t\t\t\t<\/div>\n\t\t\t\t\t<\/div>\n\t\t<\/div>\n\t\t\t\t<div class=\"elementor-column elementor-col-50 elementor-top-column elementor-element elementor-element-6bef3ea\" data-id=\"6bef3ea\" data-element_type=\"column\" data-e-type=\"column\">\n\t\t\t<div class=\"elementor-widget-wrap elementor-element-populated\">\n\t\t\t\t\t\t<div class=\"elementor-element elementor-element-469cc3d oew-background-heading-left elementor-mobile-align-center oew-mobile-background-heading-center elementor-align-left elementor-widget elementor-widget-oew-advanced-heading\" data-id=\"469cc3d\" data-element_type=\"widget\" data-e-type=\"widget\" data-widget_type=\"oew-advanced-heading.default\">\n\t\t\t\t<div class=\"elementor-widget-container\">\n\t\t\t\t\t\n\t\t<div class=\"oew-advanced-heading\">\n\n\t\t\t\t\t\t\t<div class=\"oew-background-heading oew-has-bg\">\n\t\t\t\t\t<div>Inmersi\u00f3n en fr\u00edo<\/div>\n\t\t\t\t<\/div>\n\t\t\t\t\t\t\t<h2  class=\"oew-main-heading\">\n\t\t\t\t\t<div>\n\t\t\t\t\t\tEnv\u00edos\n\t\t\t\t\t\t\t\t\t\t\t<\/div>\n\t\t\t\t<\/h2>\n\t\t\t\n\t\t<\/div>\n\n\t\t\t\t\t<\/div>\n\t\t\t\t<\/div>\n\t\t\t\t<div class=\"elementor-element elementor-element-9981196 elementor-widget elementor-widget-heading\" data-id=\"9981196\" data-element_type=\"widget\" data-e-type=\"widget\" data-widget_type=\"heading.default\">\n\t\t\t\t<div class=\"elementor-widget-container\">\n\t\t\t\t\t<p class=\"elementor-heading-title elementor-size-default\">Ofrecemos env\u00edos e instalaci\u00f3n sin costo adicional dentro del GAM. Ver T&amp;C abajo*\n<br><br>\nEnv\u00edos e instalaci\u00f3n fuera del GAM se cotizan por aparte, y normalmente oscila entre $500 y $750 seg\u00fan la direcci\u00f3n y la cantidad de tinas. \n<\/p>\t\t\t\t<\/div>\n\t\t\t\t<\/div>\n\t\t\t\t<div class=\"elementor-element elementor-element-4810cf2 elementor-widget-divider--view-line elementor-widget elementor-widget-divider\" data-id=\"4810cf2\" data-element_type=\"widget\" data-e-type=\"widget\" data-widget_type=\"divider.default\">\n\t\t\t\t<div class=\"elementor-widget-container\">\n\t\t\t\t\t\t\t<div class=\"elementor-divider\">\n\t\t\t<span class=\"elementor-divider-separator\">\n\t\t\t\t\t\t<\/span>\n\t\t<\/div>\n\t\t\t\t\t\t<\/div>\n\t\t\t\t<\/div>\n\t\t\t\t\t<\/div>\n\t\t<\/div>\n\t\t\t\t\t<\/div>\n\t\t<\/section>\n\t\t\t\t<section class=\"elementor-section elementor-top-section elementor-element elementor-element-99030c3 elementor-section-height-min-height elementor-section-boxed elementor-section-height-default elementor-section-items-middle\" data-id=\"99030c3\" data-element_type=\"section\" data-e-type=\"section\" data-settings=\"{&quot;background_background&quot;:&quot;classic&quot;}\">\n\t\t\t\t\t\t\t<div class=\"elementor-background-overlay\"><\/div>\n\t\t\t\t\t\t\t<div class=\"elementor-container elementor-column-gap-default\">\n\t\t\t\t\t<div class=\"elementor-column elementor-col-100 elementor-top-column elementor-element elementor-element-c8051db\" data-id=\"c8051db\" data-element_type=\"column\" data-e-type=\"column\">\n\t\t\t<div class=\"elementor-widget-wrap elementor-element-populated\">\n\t\t\t\t\t\t<div class=\"elementor-element elementor-element-fcc7115 oew-background-heading-center elementor-widget__width-initial elementor-mobile-align-center elementor-align-center elementor-widget elementor-widget-oew-advanced-heading\" data-id=\"fcc7115\" data-element_type=\"widget\" data-e-type=\"widget\" data-widget_type=\"oew-advanced-heading.default\">\n\t\t\t\t<div class=\"elementor-widget-container\">\n\t\t\t\t\t\n\t\t<div class=\"oew-advanced-heading\">\n\n\t\t\t\t\t\t\t<div class=\"oew-background-heading oew-has-bg\">\n\t\t\t\t\t<div>INSTALACI\u00f3n<\/div>\n\t\t\t\t<\/div>\n\t\t\t\t\t\t\t<h2  class=\"oew-main-heading\">\n\t\t\t\t\t<div>\n\t\t\t\t\t\tT&C del servicio de env\u00edo e instalaci\u00f3n gratuito\n\t\t\t\t\t\t\t\t\t\t\t<\/div>\n\t\t\t\t<\/h2>\n\t\t\t\n\t\t<\/div>\n\n\t\t\t\t\t<\/div>\n\t\t\t\t<\/div>\n\t\t\t\t<div class=\"elementor-element elementor-element-d8b657d elementor-widget-mobile__width-initial elementor-widget elementor-widget-text-editor\" data-id=\"d8b657d\" data-element_type=\"widget\" data-e-type=\"widget\" data-widget_type=\"text-editor.default\">\n\t\t\t\t<div class=\"elementor-widget-container\">\n\t\t\t\t\t\t\t\t\t<p><strong>T\u00e9rminos y Condiciones para Servicio de Env\u00edo e Instalaci\u00f3n Gratuita<\/strong><\/p><p><strong>1. Alcance Geogr\u00e1fico:<\/strong><br \/>El servicio gratuito de env\u00edo e instalaci\u00f3n aplica \u00fanicamente a direcciones dentro del Gran \u00c1rea Metropolitana (GAM).<\/p><p><strong>2. Requisitos de Acceso:<\/strong><br \/>La instalaci\u00f3n se realizar\u00e1 en el mismo nivel en que se descargue la unidad. En caso de que el acceso a la ubicaci\u00f3n de instalaci\u00f3n incluya escaleras, el cliente debe notificarlo con antelaci\u00f3n, ya que la presencia de escaleras requiere personal adicional para maniobras de transporte seguras, tanto para nuestros operarios como para la estructura del domicilio del cliente. Ten en cuenta que nuestras tinas pesan hasta 250 kg, y el equipo requerido para una instalaci\u00f3n segura var\u00eda en funci\u00f3n de la accesibilidad.<\/p><p><strong>3. Requisitos de Conexi\u00f3n:<\/strong><br \/>Para realizar la instalaci\u00f3n, el cliente deber\u00e1 proporcionar:<\/p><ul><li><strong>Acceso a agua potable:<\/strong> una manguera que llegue hasta el lugar de instalaci\u00f3n es suficiente.<\/li><li><strong>Lugar adecuado para desaguar:<\/strong> como un jard\u00edn o desag\u00fce de f\u00e1cil acceso.<\/li><li><strong>Toma el\u00e9ctrica de 120v con tierra.<\/strong><\/li><\/ul><p><strong>4. Exclusiones del Servicio:<\/strong><br \/>Nuestro servicio no incluye trabajos adicionales de fontaner\u00eda ni de electricidad.<\/p><p><strong>5. El alcance de la instalaci\u00f3n consiste exclusivamente en:<\/strong><\/p><ul><li>Trasladar la tina al lugar indicado por el cliente.<\/li><li>Abrir la caja y remover los materiales de empaque.<\/li><li>Realizar las conexiones h\u00eddrica y el\u00e9ctrica, siempre que existan las previstas especificadas en estos T\u00e9rminos y Condiciones.<\/li><\/ul><hr \/>\t\t\t\t\t\t\t\t<\/div>\n\t\t\t\t<\/div>\n\t\t\t\t<div class=\"elementor-element elementor-element-d9f7281 elementor-widget elementor-widget-text-editor\" data-id=\"d9f7281\" data-element_type=\"widget\" data-e-type=\"widget\" data-widget_type=\"text-editor.default\">\n\t\t\t\t<div class=\"elementor-widget-container\">\n\t\t\t\t\t\t\t\t\t<p><b>Por favor, cont\u00e1ctenos para coordinar los detalles de su entrega e instalaci\u00f3n y asegurar una experiencia sin inconvenientes.<\/b><\/p>\t\t\t\t\t\t\t\t<\/div>\n\t\t\t\t<\/div>\n\t\t\t\t\t<\/div>\n\t\t<\/div>\n\t\t\t\t\t<\/div>\n\t\t<\/section>\n\t\t\t\t<section class=\"elementor-section elementor-top-section elementor-element elementor-element-045f0ee elementor-section-content-middle elementor-section-boxed elementor-section-height-default elementor-section-height-default\" data-id=\"045f0ee\" data-element_type=\"section\" data-e-type=\"section\" data-settings=\"{&quot;background_background&quot;:&quot;classic&quot;}\">\n\t\t\t\t\t\t<div class=\"elementor-container elementor-column-gap-default\">\n\t\t\t\t\t<div class=\"elementor-column elementor-col-50 elementor-top-column elementor-element elementor-element-3b2025d\" data-id=\"3b2025d\" data-element_type=\"column\" data-e-type=\"column\">\n\t\t\t<div class=\"elementor-widget-wrap elementor-element-populated\">\n\t\t\t\t\t\t<div class=\"elementor-element elementor-element-a311793 elementor-align-left oew-background-heading-left elementor-tablet-align-center oew-tablet-background-heading-center elementor-widget elementor-widget-oew-advanced-heading\" data-id=\"a311793\" data-element_type=\"widget\" data-e-type=\"widget\" data-widget_type=\"oew-advanced-heading.default\">\n\t\t\t\t<div class=\"elementor-widget-container\">\n\t\t\t\t\t\n\t\t<div class=\"oew-advanced-heading\">\n\n\t\t\t\t\t\t\t<div class=\"oew-background-heading oew-has-bg\">\n\t\t\t\t\t<div>Ver nuestro showroom<\/div>\n\t\t\t\t<\/div>\n\t\t\t\t\t\t\t<h2  class=\"oew-main-heading\">\n\t\t\t\t\t<div>\n\t\t\t\t\t\tWhatsApp\n\t\t\t\t\t\t\t\t\t\t\t<\/div>\n\t\t\t\t<\/h2>\n\t\t\t\n\t\t<\/div>\n\n\t\t\t\t\t<\/div>\n\t\t\t\t<\/div>\n\t\t\t\t<div class=\"elementor-element elementor-element-734ac1d elementor-widget elementor-widget-heading\" data-id=\"734ac1d\" data-element_type=\"widget\" data-e-type=\"widget\" data-widget_type=\"heading.default\">\n\t\t\t\t<div class=\"elementor-widget-container\">\n\t\t\t\t\t<p class=\"elementor-heading-title elementor-size-default\">Conozca y prueba nuestras tinas en nuestro showroom en Guachipel\u00edn, Escaz\u00fa. <\/p>\t\t\t\t<\/div>\n\t\t\t\t<\/div>\n\t\t\t\t\t<\/div>\n\t\t<\/div>\n\t\t\t\t<div class=\"elementor-column elementor-col-50 elementor-top-column elementor-element elementor-element-1d3d639\" data-id=\"1d3d639\" data-element_type=\"column\" data-e-type=\"column\">\n\t\t\t<div class=\"elementor-widget-wrap elementor-element-populated\">\n\t\t\t\t\t\t<div class=\"elementor-element elementor-element-d83fc76 elementor-align-right elementor-tablet-align-center elementor-widget elementor-widget-button\" data-id=\"d83fc76\" data-element_type=\"widget\" data-e-type=\"widget\" data-widget_type=\"button.default\">\n\t\t\t\t<div class=\"elementor-widget-container\">\n\t\t\t\t\t\t\t\t\t<div class=\"elementor-button-wrapper\">\n\t\t\t\t\t<a class=\"elementor-button elementor-button-link elementor-size-sm\" href=\"https:\/\/norsvik.com\/?page_id=1795\">\n\t\t\t\t\t\t<span class=\"elementor-button-content-wrapper\">\n\t\t\t\t\t\t<span class=\"elementor-button-icon\">\n\t\t\t\t<svg aria-hidden=\"true\" class=\"e-font-icon-svg e-fas-chevron-right\" viewBox=\"0 0 320 512\" xmlns=\"http:\/\/www.w3.org\/2000\/svg\"><path d=\"M285.476 272.971L91.132 467.314c-9.373 9.373-24.569 9.373-33.941 0l-22.667-22.667c-9.357-9.357-9.375-24.522-.04-33.901L188.505 256 34.484 101.255c-9.335-9.379-9.317-24.544.04-33.901l22.667-22.667c9.373-9.373 24.569-9.373 33.941 0L285.475 239.03c9.373 9.372 9.373 24.568.001 33.941z\"><\/path><\/svg>\t\t\t<\/span>\n\t\t\t\t\t\t\t\t\t<span class=\"elementor-button-text\">Cont\u00e1ctenos<\/span>\n\t\t\t\t\t<\/span>\n\t\t\t\t\t<\/a>\n\t\t\t\t<\/div>\n\t\t\t\t\t\t\t\t<\/div>\n\t\t\t\t<\/div>\n\t\t\t\t\t<\/div>\n\t\t<\/div>\n\t\t\t\t\t<\/div>\n\t\t<\/section>\n\t\t\t\t<\/div>\n\t\t","protected":false},"excerpt":{"rendered":"<p>Norsvik Env\u00edos y garant\u00eda Conozca los detalles sobre nuestras opciones de env\u00edo, pol\u00edticas de garant\u00eda y c\u00f3mo protegemos tu inversi\u00f3n en Norsvik. Inmersi\u00f3n en fr\u00edo Garant\u00eda Con Norsvik, compre con plena confianza. Fjord incluye una garant\u00eda de 12 meses a partir de la fecha de compra, y Odin tiene una garant\u00eda extendida de 18 meses. [&hellip;]<\/p>\n","protected":false},"author":1,"featured_media":0,"parent":0,"menu_order":0,"comment_status":"closed","ping_status":"closed","template":"","meta":{"om_disable_all_campaigns":false,"ocean_post_layout":"full-screen","ocean_both_sidebars_style":"","ocean_both_sidebars_content_width":0,"ocean_both_sidebars_sidebars_width":0,"ocean_sidebar":"0","ocean_second_sidebar":"0","ocean_disable_margins":"on","ocean_add_body_class":"","ocean_shortcode_before_top_bar":"","ocean_shortcode_after_top_bar":"","ocean_shortcode_before_header":"","ocean_shortcode_after_header":"","ocean_has_shortcode":"","ocean_shortcode_after_title":"","ocean_shortcode_before_footer_widgets":"","ocean_shortcode_after_footer_widgets":"","ocean_shortcode_before_footer_bottom":"","ocean_shortcode_after_footer_bottom":"","ocean_display_top_bar":"default","ocean_display_header":"default","ocean_header_style":"","ocean_center_header_left_menu":"0","ocean_custom_header_template":"0","ocean_custom_logo":0,"ocean_custom_retina_logo":0,"ocean_custom_logo_max_width":0,"ocean_custom_logo_tablet_max_width":0,"ocean_custom_logo_mobile_max_width":0,"ocean_custom_logo_max_height":0,"ocean_custom_logo_tablet_max_height":0,"ocean_custom_logo_mobile_max_height":0,"ocean_header_custom_menu":"0","ocean_menu_typo_font_family":"0","ocean_menu_typo_font_subset":"","ocean_menu_typo_font_size":0,"ocean_menu_typo_font_size_tablet":0,"ocean_menu_typo_font_size_mobile":0,"ocean_menu_typo_font_size_unit":"px","ocean_menu_typo_font_weight":"","ocean_menu_typo_font_weight_tablet":"","ocean_menu_typo_font_weight_mobile":"","ocean_menu_typo_transform":"","ocean_menu_typo_transform_tablet":"","ocean_menu_typo_transform_mobile":"","ocean_menu_typo_line_height":0,"ocean_menu_typo_line_height_tablet":0,"ocean_menu_typo_line_height_mobile":0,"ocean_menu_typo_line_height_unit":"","ocean_menu_typo_spacing":0,"ocean_menu_typo_spacing_tablet":0,"ocean_menu_typo_spacing_mobile":0,"ocean_menu_typo_spacing_unit":"","ocean_menu_link_color":"","ocean_menu_link_color_hover":"","ocean_menu_link_color_active":"","ocean_menu_link_background":"","ocean_menu_link_hover_background":"","ocean_menu_link_active_background":"","ocean_menu_social_links_bg":"","ocean_menu_social_hover_links_bg":"","ocean_menu_social_links_color":"","ocean_menu_social_hover_links_color":"","ocean_disable_title":"default","ocean_disable_heading":"default","ocean_post_title":"","ocean_post_subheading":"","ocean_post_title_style":"","ocean_post_title_background_color":"","ocean_post_title_background":0,"ocean_post_title_bg_image_position":"","ocean_post_title_bg_image_attachment":"","ocean_post_title_bg_image_repeat":"","ocean_post_title_bg_image_size":"","ocean_post_title_height":0,"ocean_post_title_bg_overlay":0.5,"ocean_post_title_bg_overlay_color":"","ocean_disable_breadcrumbs":"default","ocean_breadcrumbs_color":"","ocean_breadcrumbs_separator_color":"","ocean_breadcrumbs_links_color":"","ocean_breadcrumbs_links_hover_color":"","ocean_display_footer_widgets":"default","ocean_display_footer_bottom":"default","ocean_custom_footer_template":"0","osh_disable_topbar_sticky":"default","osh_disable_header_sticky":"default","osh_sticky_header_style":"default","osh_sticky_header_effect":"","osh_custom_sticky_logo":0,"osh_custom_retina_sticky_logo":0,"osh_custom_sticky_logo_height":0,"osh_background_color":"","osh_links_color":"","osh_links_hover_color":"","osh_links_active_color":"","osh_links_bg_color":"","osh_links_hover_bg_color":"","osh_links_active_bg_color":"","osh_menu_social_links_color":"","osh_menu_social_hover_links_color":"","footnotes":""},"class_list":["post-1750","page","type-page","status-publish","hentry","entry","owp-thumbs-layout-horizontal","owp-btn-normal","owp-tabs-layout-horizontal","has-no-thumbnails","has-product-nav"],"aioseo_notices":[],"_links":{"self":[{"href":"https:\/\/norsvik.com\/es\/wp-json\/wp\/v2\/pages\/1750","targetHints":{"allow":["GET"]}}],"collection":[{"href":"https:\/\/norsvik.com\/es\/wp-json\/wp\/v2\/pages"}],"about":[{"href":"https:\/\/norsvik.com\/es\/wp-json\/wp\/v2\/types\/page"}],"author":[{"embeddable":true,"href":"https:\/\/norsvik.com\/es\/wp-json\/wp\/v2\/users\/1"}],"replies":[{"embeddable":true,"href":"https:\/\/norsvik.com\/es\/wp-json\/wp\/v2\/comments?post=1750"}],"version-history":[{"count":85,"href":"https:\/\/norsvik.com\/es\/wp-json\/wp\/v2\/pages\/1750\/revisions"}],"predecessor-version":[{"id":3265,"href":"https:\/\/norsvik.com\/es\/wp-json\/wp\/v2\/pages\/1750\/revisions\/3265"}],"wp:attachment":[{"href":"https:\/\/norsvik.com\/es\/wp-json\/wp\/v2\/media?parent=1750"}],"curies":[{"name":"wp","href":"https:\/\/api.w.org\/{rel}","templated":true}]}}