{"id":3,"date":"2024-10-01T15:22:25","date_gmt":"2024-10-01T15:22:25","guid":{"rendered":"https:\/\/norsvik.com\/?page_id=3"},"modified":"2024-10-07T18:18:30","modified_gmt":"2024-10-07T18:18:30","slug":"privacy-policy","status":"publish","type":"page","link":"https:\/\/norsvik.com\/es\/privacy-policy\/","title":{"rendered":"T\u00e9rminos y condiciones"},"content":{"rendered":"\t\t<div data-elementor-type=\"wp-page\" data-elementor-id=\"3\" class=\"elementor elementor-3\" data-elementor-post-type=\"page\">\n\t\t\t\t<div class=\"elementor-element elementor-element-41c9fdba e-flex e-con-boxed e-con e-parent\" data-id=\"41c9fdba\" data-element_type=\"container\" data-e-type=\"container\">\n\t\t\t\t\t<div class=\"e-con-inner\">\n\t\t\t\t<div class=\"elementor-element elementor-element-7116fb9b elementor-widget elementor-widget-text-editor\" data-id=\"7116fb9b\" data-element_type=\"widget\" data-e-type=\"widget\" data-widget_type=\"text-editor.default\">\n\t\t\t\t<div class=\"elementor-widget-container\">\n\t\t\t\t\t\t\t\t\t<p><\/p>\n<p><b>1) Introducci\u00f3n<\/b><b><br \/><\/b><span style=\"font-weight: 400;\">Al acceder y utilizar este sitio web, usted acepta los siguientes t\u00e9rminos y condiciones. Si no est\u00e1 de acuerdo con estos t\u00e9rminos, por favor, no utilice el sitio web.<\/span><\/p>\n<p><b>2) Propiedad Intelectual<\/b><b><br \/><\/b><span style=\"font-weight: 400;\">NORSVIK es una marca registrada. Todo el contenido del sitio web, incluyendo textos, im\u00e1genes, logotipos y gr\u00e1ficos, est\u00e1 protegido por derechos de propiedad intelectual y no puede ser utilizado sin la autorizaci\u00f3n expresa de NORSVIK.<\/span><\/p>\n<p><b>3) Uso de Productos<\/b><b><br \/><\/b><span style=\"font-weight: 400;\">Nuestros productos est\u00e1n dise\u00f1ados para hacer inmersi\u00f3n en fr\u00edo. Antes de utilizar cualquier cold plunge, se recomienda consultar con un m\u00e9dico, especialmente si tiene alguna condici\u00f3n m\u00e9dica preexistente. El uso de estos productos implica aceptar el riesgo inherente asociado a la inmersi\u00f3n en fr\u00edo. NORSVIK no se hace responsable de cualquier da\u00f1o o lesi\u00f3n resultante del uso inapropiado o imprudente de los productos. Usar inadecuadamente estos productos u obviar las recomendaciones descritas puede ocasionar lesiones permanentes o incluso la muerte.\u00a0<\/span><\/p>\n<p><b>4) Seguridad<\/b><b><br \/><\/b><span style=\"font-weight: 400;\">Nunca debe utilizar un cold plunge solo. Siempre debe ser utilizado con la presencia de al menos una persona acompa\u00f1ante. Nuestros productos no est\u00e1n destinados para el uso de ni\u00f1os. Es su responsabilidad garantizar que todos los usuarios cumplan con estas directrices de seguridad. La profundidad de la tina es suficiente para que un ni\u00f1o peque\u00f1o pueda ahogarse, es important\u00edsimo que se mantenga bien tapado y fuera del alcance de ni\u00f1os para evitar accidentes.<\/span><\/p>\n<p><b>5) Responsabilidad<\/b><b><br \/><\/b><span style=\"font-weight: 400;\">NORSVIK no se hace responsable de da\u00f1os directos, indirectos, incidentales o consecuenciales que puedan resultar del uso o la imposibilidad de uso de nuestros productos. La responsabilidad de NORSVIK se limita al valor de compra del producto defectuoso o no conforme.<\/span><\/p>\n<p><b>6) Garant\u00eda y Reemplazo<\/b><b><br \/><\/b><span style=\"font-weight: 400;\">Ofrecemos una garant\u00eda de 12 meses en nuestros productos. En caso de defectos o fallos, NORSVIK se compromete a reparar o reemplazar el producto sin costo adicional. Esta garant\u00eda no cubre da\u00f1os causados por mal uso, negligencia, abuso o modificaciones no autorizadas.<\/span><\/p>\n<p><b>7) Env\u00edos y Entrega<\/b><b><br \/><\/b><span style=\"font-weight: 400;\">El servicio de curbside delivery est\u00e1 disponible sin costo adicional dentro del \u00e1rea establecida. Para entregas fuera de esta \u00e1rea, se aplicar\u00e1 una tarifa de $200. El servicio de curbside delivery cubre la entrega hasta el nivel de calle. Cualquier asistencia adicional para la instalaci\u00f3n o el traslado dentro de la propiedad se cotiza por separado y est\u00e1 sujeta a disponibilidad.<\/span><\/p>\n<p><b>8) Modificaciones y Cancelaciones<\/b><b><br \/><\/b><span style=\"font-weight: 400;\">NORSVIK se reserva el derecho de modificar estos t\u00e9rminos y condiciones en cualquier momento. Cualquier cambio ser\u00e1 efectivo en el momento de su publicaci\u00f3n en el sitio web. Es su responsabilidad revisar regularmente los t\u00e9rminos y condiciones para mantenerse informado sobre cualquier cambio.<\/span><\/p>\n<p><b>9) Ley Aplicable<\/b><b><br \/><\/b><span style=\"font-weight: 400;\">Estos t\u00e9rminos y condiciones se regir\u00e1n e interpretar\u00e1n de acuerdo con las leyes del pa\u00eds en el que se realiza la transacci\u00f3n. Cualquier disputa relacionada con estos t\u00e9rminos y condiciones se someter\u00e1 a la jurisdicci\u00f3n de los tribunales competentes en dicha jurisdicci\u00f3n.<\/span><\/p>\n<p><b>10) Contacto<\/b><b><br \/><\/b><span style=\"font-weight: 400;\">Para cualquier consulta relacionada con estos t\u00e9rminos y condiciones, por favor, cont\u00e1ctenos a trav\u00e9s de la informaci\u00f3n proporcionada en nuestro sitio web.<\/span><\/p>\n<p><span style=\"font-weight: 400;\">Al utilizar este sitio web, usted acepta estos t\u00e9rminos y condiciones en su totalidad. Si tiene alguna pregunta o inquietud, no dude en contactarnos.<\/span><\/p>\t\t\t\t\t\t\t\t<\/div>\n\t\t\t\t<\/div>\n\t\t\t\t\t<\/div>\n\t\t\t\t<\/div>\n\t\t<div class=\"elementor-element elementor-element-3718086 e-flex e-con-boxed e-con e-parent\" data-id=\"3718086\" data-element_type=\"container\" data-e-type=\"container\">\n\t\t\t\t\t<div class=\"e-con-inner\">\n\t\t\t\t\t<\/div>\n\t\t\t\t<\/div>\n\t\t\t\t<\/div>\n\t\t","protected":false},"excerpt":{"rendered":"<p>1) Introducci\u00f3nAl acceder y utilizar este sitio web, usted acepta los siguientes t\u00e9rminos y condiciones. Si no est\u00e1 de acuerdo con estos t\u00e9rminos, por favor, no utilice el sitio web. 2) Propiedad IntelectualNORSVIK es una marca registrada. Todo el contenido del sitio web, incluyendo textos, im\u00e1genes, logotipos y gr\u00e1ficos, est\u00e1 protegido por derechos de propiedad [&hellip;]<\/p>\n","protected":false},"author":1,"featured_media":0,"parent":0,"menu_order":0,"comment_status":"closed","ping_status":"open","template":"elementor_header_footer","meta":{"om_disable_all_campaigns":false,"ocean_post_layout":"","ocean_both_sidebars_style":"","ocean_both_sidebars_content_width":0,"ocean_both_sidebars_sidebars_width":0,"ocean_sidebar":"","ocean_second_sidebar":"","ocean_disable_margins":"enable","ocean_add_body_class":"","ocean_shortcode_before_top_bar":"","ocean_shortcode_after_top_bar":"","ocean_shortcode_before_header":"","ocean_shortcode_after_header":"","ocean_has_shortcode":"","ocean_shortcode_after_title":"","ocean_shortcode_before_footer_widgets":"","ocean_shortcode_after_footer_widgets":"","ocean_shortcode_before_footer_bottom":"","ocean_shortcode_after_footer_bottom":"","ocean_display_top_bar":"default","ocean_display_header":"default","ocean_header_style":"","ocean_center_header_left_menu":"","ocean_custom_header_template":"","ocean_custom_logo":0,"ocean_custom_retina_logo":0,"ocean_custom_logo_max_width":0,"ocean_custom_logo_tablet_max_width":0,"ocean_custom_logo_mobile_max_width":0,"ocean_custom_logo_max_height":0,"ocean_custom_logo_tablet_max_height":0,"ocean_custom_logo_mobile_max_height":0,"ocean_header_custom_menu":"","ocean_menu_typo_font_family":"","ocean_menu_typo_font_subset":"","ocean_menu_typo_font_size":0,"ocean_menu_typo_font_size_tablet":0,"ocean_menu_typo_font_size_mobile":0,"ocean_menu_typo_font_size_unit":"px","ocean_menu_typo_font_weight":"","ocean_menu_typo_font_weight_tablet":"","ocean_menu_typo_font_weight_mobile":"","ocean_menu_typo_transform":"","ocean_menu_typo_transform_tablet":"","ocean_menu_typo_transform_mobile":"","ocean_menu_typo_line_height":0,"ocean_menu_typo_line_height_tablet":0,"ocean_menu_typo_line_height_mobile":0,"ocean_menu_typo_line_height_unit":"","ocean_menu_typo_spacing":0,"ocean_menu_typo_spacing_tablet":0,"ocean_menu_typo_spacing_mobile":0,"ocean_menu_typo_spacing_unit":"","ocean_menu_link_color":"","ocean_menu_link_color_hover":"","ocean_menu_link_color_active":"","ocean_menu_link_background":"","ocean_menu_link_hover_background":"","ocean_menu_link_active_background":"","ocean_menu_social_links_bg":"","ocean_menu_social_hover_links_bg":"","ocean_menu_social_links_color":"","ocean_menu_social_hover_links_color":"","ocean_disable_title":"default","ocean_disable_heading":"default","ocean_post_title":"","ocean_post_subheading":"","ocean_post_title_style":"","ocean_post_title_background_color":"","ocean_post_title_background":0,"ocean_post_title_bg_image_position":"","ocean_post_title_bg_image_attachment":"","ocean_post_title_bg_image_repeat":"","ocean_post_title_bg_image_size":"","ocean_post_title_height":0,"ocean_post_title_bg_overlay":0.5,"ocean_post_title_bg_overlay_color":"","ocean_disable_breadcrumbs":"default","ocean_breadcrumbs_color":"","ocean_breadcrumbs_separator_color":"","ocean_breadcrumbs_links_color":"","ocean_breadcrumbs_links_hover_color":"","ocean_display_footer_widgets":"default","ocean_display_footer_bottom":"default","ocean_custom_footer_template":"","osh_disable_topbar_sticky":"default","osh_disable_header_sticky":"default","osh_sticky_header_style":"default","osh_sticky_header_effect":"","osh_custom_sticky_logo":0,"osh_custom_retina_sticky_logo":0,"osh_custom_sticky_logo_height":0,"osh_background_color":"","osh_links_color":"","osh_links_hover_color":"","osh_links_active_color":"","osh_links_bg_color":"","osh_links_hover_bg_color":"","osh_links_active_bg_color":"","osh_menu_social_links_color":"","osh_menu_social_hover_links_color":"","footnotes":""},"class_list":["post-3","page","type-page","status-publish","hentry","entry","owp-thumbs-layout-horizontal","owp-btn-normal","owp-tabs-layout-horizontal","has-no-thumbnails","has-product-nav"],"aioseo_notices":[],"_links":{"self":[{"href":"https:\/\/norsvik.com\/es\/wp-json\/wp\/v2\/pages\/3","targetHints":{"allow":["GET"]}}],"collection":[{"href":"https:\/\/norsvik.com\/es\/wp-json\/wp\/v2\/pages"}],"about":[{"href":"https:\/\/norsvik.com\/es\/wp-json\/wp\/v2\/types\/page"}],"author":[{"embeddable":true,"href":"https:\/\/norsvik.com\/es\/wp-json\/wp\/v2\/users\/1"}],"replies":[{"embeddable":true,"href":"https:\/\/norsvik.com\/es\/wp-json\/wp\/v2\/comments?post=3"}],"version-history":[{"count":6,"href":"https:\/\/norsvik.com\/es\/wp-json\/wp\/v2\/pages\/3\/revisions"}],"predecessor-version":[{"id":1854,"href":"https:\/\/norsvik.com\/es\/wp-json\/wp\/v2\/pages\/3\/revisions\/1854"}],"wp:attachment":[{"href":"https:\/\/norsvik.com\/es\/wp-json\/wp\/v2\/media?parent=3"}],"curies":[{"name":"wp","href":"https:\/\/api.w.org\/{rel}","templated":true}]}}