{"id":710,"date":"2021-08-01T11:32:27","date_gmt":"2021-08-01T11:32:27","guid":{"rendered":"https:\/\/psychologist.oceanwp.org\/?page_id=710"},"modified":"2025-07-01T13:21:30","modified_gmt":"2025-07-01T19:21:30","slug":"preguntas","status":"publish","type":"page","link":"https:\/\/norsvik.com\/es\/preguntas\/","title":{"rendered":"Preguntas frecuentes"},"content":{"rendered":"\t\t<div data-elementor-type=\"wp-page\" data-elementor-id=\"710\" class=\"elementor elementor-710\" data-elementor-post-type=\"page\">\n\t\t\t\t\t\t<section class=\"elementor-section elementor-top-section elementor-element elementor-element-ae7b924 elementor-section-content-middle elementor-section-boxed elementor-section-height-default elementor-section-height-default\" data-id=\"ae7b924\" data-element_type=\"section\" data-e-type=\"section\" data-settings=\"{&quot;background_background&quot;:&quot;classic&quot;}\">\n\t\t\t\t\t\t<div class=\"elementor-container elementor-column-gap-default\">\n\t\t\t\t\t<div class=\"elementor-column elementor-col-100 elementor-top-column elementor-element elementor-element-a4f475a\" data-id=\"a4f475a\" data-element_type=\"column\" data-e-type=\"column\">\n\t\t\t<div class=\"elementor-widget-wrap elementor-element-populated\">\n\t\t\t\t\t\t<div class=\"elementor-element elementor-element-7ffa18e oew-background-heading-center elementor-mobile-align-center oew-mobile-background-heading-center elementor-align-center elementor-widget elementor-widget-oew-advanced-heading\" data-id=\"7ffa18e\" data-element_type=\"widget\" data-e-type=\"widget\" data-widget_type=\"oew-advanced-heading.default\">\n\t\t\t\t<div class=\"elementor-widget-container\">\n\t\t\t\t\t\n\t\t<div class=\"oew-advanced-heading\">\n\n\t\t\t\t\t\t\t<div class=\"oew-background-heading oew-has-bg\">\n\t\t\t\t\t<div>norsvik<\/div>\n\t\t\t\t<\/div>\n\t\t\t\t\t\t\t<h2  class=\"oew-main-heading\">\n\t\t\t\t\t<div>\n\t\t\t\t\t\tPreguntas frecuentes\n\t\t\t\t\t\t\t\t\t\t\t<\/div>\n\t\t\t\t<\/h2>\n\t\t\t\n\t\t<\/div>\n\n\t\t\t\t\t<\/div>\n\t\t\t\t<\/div>\n\t\t\t\t<div class=\"elementor-element elementor-element-37f9ef7 elementor-widget elementor-widget-heading\" data-id=\"37f9ef7\" data-element_type=\"widget\" data-e-type=\"widget\" data-widget_type=\"heading.default\">\n\t\t\t\t<div class=\"elementor-widget-container\">\n\t\t\t\t\t<p class=\"elementor-heading-title elementor-size-default\">Las respuestas a las dudas m\u00e1s comunes.<\/p>\t\t\t\t<\/div>\n\t\t\t\t<\/div>\n\t\t\t\t\t<\/div>\n\t\t<\/div>\n\t\t\t\t\t<\/div>\n\t\t<\/section>\n\t\t\t\t<section class=\"elementor-section elementor-top-section elementor-element elementor-element-63315fa elementor-section-content-middle elementor-section-boxed elementor-section-height-default elementor-section-height-default\" data-id=\"63315fa\" data-element_type=\"section\" data-e-type=\"section\" data-settings=\"{&quot;background_background&quot;:&quot;classic&quot;}\">\n\t\t\t\t\t\t<div class=\"elementor-container elementor-column-gap-default\">\n\t\t\t\t\t<div class=\"elementor-column elementor-col-100 elementor-top-column elementor-element elementor-element-ec57bbe\" data-id=\"ec57bbe\" data-element_type=\"column\" data-e-type=\"column\">\n\t\t\t<div class=\"elementor-widget-wrap elementor-element-populated\">\n\t\t\t\t\t\t<div class=\"elementor-element elementor-element-a867d72 elementor-widget elementor-widget-heading\" data-id=\"a867d72\" data-element_type=\"widget\" data-e-type=\"widget\" data-widget_type=\"heading.default\">\n\t\t\t\t<div class=\"elementor-widget-container\">\n\t\t\t\t\t<p class=\"elementor-heading-title elementor-size-default\"><b>M\u00e9todos de pago:\n<\/b> En el e-commerce puede realizar una compra mediante una transferencia bancaria. En nuestro showroom puede pagar con tarjeta de cr\u00e9dito. Tambi\u00e9n ofrecemos financiamiento con Tasa Cero 3 meses o Mini Cuotas de 12 o 18 meses. \n<\/p>\t\t\t\t<\/div>\n\t\t\t\t<\/div>\n\t\t\t\t<div class=\"elementor-element elementor-element-db3d96f elementor-widget-divider--view-line elementor-widget elementor-widget-divider\" data-id=\"db3d96f\" data-element_type=\"widget\" data-e-type=\"widget\" data-widget_type=\"divider.default\">\n\t\t\t\t<div class=\"elementor-widget-container\">\n\t\t\t\t\t\t\t<div class=\"elementor-divider\">\n\t\t\t<span class=\"elementor-divider-separator\">\n\t\t\t\t\t\t<\/span>\n\t\t<\/div>\n\t\t\t\t\t\t<\/div>\n\t\t\t\t<\/div>\n\t\t\t\t<div class=\"elementor-element elementor-element-5890851 elementor-widget elementor-widget-heading\" data-id=\"5890851\" data-element_type=\"widget\" data-e-type=\"widget\" data-widget_type=\"heading.default\">\n\t\t\t\t<div class=\"elementor-widget-container\">\n\t\t\t\t\t<p class=\"elementor-heading-title elementor-size-default\"><b>Uso en interior\/exterior:\n<\/b>Estas tinas son adecuadas para uso en interiores o exteriores. Si se colocan en exteriores, se recomienda que est\u00e9n en un espacio techado para evitar el deterioro por sol y lluvia. Adem\u00e1s, es aconsejable instalarlas sobre un suelo impermeable y\/o con desag\u00fce, debido a la posibilidad de condensaci\u00f3n. Por otro lado, si la tina est\u00e1 expuesta a sol directo, el enfriador tendr\u00e1 que trabajar mucho m\u00e1s para mantener la temperatura deseada. Cuanto m\u00e1s fresco el ambiente, menor el consumo el\u00e9ctrico.<\/p>\t\t\t\t<\/div>\n\t\t\t\t<\/div>\n\t\t\t\t<div class=\"elementor-element elementor-element-32b31e6 elementor-widget-divider--view-line elementor-widget elementor-widget-divider\" data-id=\"32b31e6\" data-element_type=\"widget\" data-e-type=\"widget\" data-widget_type=\"divider.default\">\n\t\t\t\t<div class=\"elementor-widget-container\">\n\t\t\t\t\t\t\t<div class=\"elementor-divider\">\n\t\t\t<span class=\"elementor-divider-separator\">\n\t\t\t\t\t\t<\/span>\n\t\t<\/div>\n\t\t\t\t\t\t<\/div>\n\t\t\t\t<\/div>\n\t\t\t\t<div class=\"elementor-element elementor-element-40afac6 elementor-widget elementor-widget-heading\" data-id=\"40afac6\" data-element_type=\"widget\" data-e-type=\"widget\" data-widget_type=\"heading.default\">\n\t\t\t\t<div class=\"elementor-widget-container\">\n\t\t\t\t\t<p class=\"elementor-heading-title elementor-size-default\"><b>Consumo<\/b> <b>energ\u00e9tico:<\/b>\nEl enfriador utiliza aproximadamente 1 kWh\/h mientras est\u00e1 trabajando. Al llegar a la temperatura objetivo, el enfriador deja de funcionar, similar a una refrigeradora. Por lo tanto, el consumo depender\u00e1 de la temperatura ambiente, las horas de uso y el precio por kWh en su localidad.\n<\/p>\t\t\t\t<\/div>\n\t\t\t\t<\/div>\n\t\t\t\t<div class=\"elementor-element elementor-element-5a61df8 elementor-widget-divider--view-line elementor-widget elementor-widget-divider\" data-id=\"5a61df8\" data-element_type=\"widget\" data-e-type=\"widget\" data-widget_type=\"divider.default\">\n\t\t\t\t<div class=\"elementor-widget-container\">\n\t\t\t\t\t\t\t<div class=\"elementor-divider\">\n\t\t\t<span class=\"elementor-divider-separator\">\n\t\t\t\t\t\t<\/span>\n\t\t<\/div>\n\t\t\t\t\t\t<\/div>\n\t\t\t\t<\/div>\n\t\t\t\t<div class=\"elementor-element elementor-element-95561dd elementor-widget elementor-widget-heading\" data-id=\"95561dd\" data-element_type=\"widget\" data-e-type=\"widget\" data-widget_type=\"heading.default\">\n\t\t\t\t<div class=\"elementor-widget-container\">\n\t\t\t\t\t<p class=\"elementor-heading-title elementor-size-default\"><b>Instalaci\u00f3n:\n<\/b>La instalaci\u00f3n es muy sencilla. Solo se debe llenar de agua y conectar a la corriente el\u00e9ctrica 110v. Es importante que el tomacorriente tenga conexi\u00f3n a tierra.\n<\/p>\t\t\t\t<\/div>\n\t\t\t\t<\/div>\n\t\t\t\t<div class=\"elementor-element elementor-element-57121e6 elementor-widget-divider--view-line elementor-widget elementor-widget-divider\" data-id=\"57121e6\" data-element_type=\"widget\" data-e-type=\"widget\" data-widget_type=\"divider.default\">\n\t\t\t\t<div class=\"elementor-widget-container\">\n\t\t\t\t\t\t\t<div class=\"elementor-divider\">\n\t\t\t<span class=\"elementor-divider-separator\">\n\t\t\t\t\t\t<\/span>\n\t\t<\/div>\n\t\t\t\t\t\t<\/div>\n\t\t\t\t<\/div>\n\t\t\t\t<div class=\"elementor-element elementor-element-49cd657 elementor-widget elementor-widget-heading\" data-id=\"49cd657\" data-element_type=\"widget\" data-e-type=\"widget\" data-widget_type=\"heading.default\">\n\t\t\t\t<div class=\"elementor-widget-container\">\n\t\t\t\t\t<p class=\"elementor-heading-title elementor-size-default\"><b>Condensaci\u00f3n:<\/b>\nEs normal que haya un poco de condensaci\u00f3n, ya que existe un gran diferencial entre la temperatura ambiente y la temperatura del agua de la tina. A pesar de los esfuerzos de aislamiento t\u00e9rmico, todos los cold plunge presentan este fen\u00f3meno. Si encontr\u00e1s gotas de agua abajo de tu tina, no necesariamente quiere decir que hay una fuga, lo m\u00e1s probable es que corresponda a la condensaci\u00f3n.<\/p>\t\t\t\t<\/div>\n\t\t\t\t<\/div>\n\t\t\t\t<div class=\"elementor-element elementor-element-0ee90ab elementor-widget-divider--view-line elementor-widget elementor-widget-divider\" data-id=\"0ee90ab\" data-element_type=\"widget\" data-e-type=\"widget\" data-widget_type=\"divider.default\">\n\t\t\t\t<div class=\"elementor-widget-container\">\n\t\t\t\t\t\t\t<div class=\"elementor-divider\">\n\t\t\t<span class=\"elementor-divider-separator\">\n\t\t\t\t\t\t<\/span>\n\t\t<\/div>\n\t\t\t\t\t\t<\/div>\n\t\t\t\t<\/div>\n\t\t\t\t<div class=\"elementor-element elementor-element-84f8b36 elementor-widget elementor-widget-heading\" data-id=\"84f8b36\" data-element_type=\"widget\" data-e-type=\"widget\" data-widget_type=\"heading.default\">\n\t\t\t\t<div class=\"elementor-widget-container\">\n\t\t\t\t\t<p class=\"elementor-heading-title elementor-size-default\"><b>Cambio<\/b> <b>de agua:<\/b>\nLas tinas cuentan con un desag\u00fce en la parte inferior con un acople de manguera para facilitar el vaciado. Se recomienda cambiar el agua peri\u00f3dicamente seg\u00fan el uso, ya que no se debe usar cloro ni sales en las tinas.\n<\/p>\t\t\t\t<\/div>\n\t\t\t\t<\/div>\n\t\t\t\t<div class=\"elementor-element elementor-element-c5a89ef elementor-widget-divider--view-line elementor-widget elementor-widget-divider\" data-id=\"c5a89ef\" data-element_type=\"widget\" data-e-type=\"widget\" data-widget_type=\"divider.default\">\n\t\t\t\t<div class=\"elementor-widget-container\">\n\t\t\t\t\t\t\t<div class=\"elementor-divider\">\n\t\t\t<span class=\"elementor-divider-separator\">\n\t\t\t\t\t\t<\/span>\n\t\t<\/div>\n\t\t\t\t\t\t<\/div>\n\t\t\t\t<\/div>\n\t\t\t\t<div class=\"elementor-element elementor-element-8d2dc29 elementor-widget elementor-widget-heading\" data-id=\"8d2dc29\" data-element_type=\"widget\" data-e-type=\"widget\" data-widget_type=\"heading.default\">\n\t\t\t\t<div class=\"elementor-widget-container\">\n\t\t\t\t\t<p class=\"elementor-heading-title elementor-size-default\"><b>Tiempo de enfriamiento:<\/b>\nEl tiempo de enfriamiento depende de la temperatura ambiente y el volumen de agua, pero aproximadamente puede ser de 3 a 6 horas. Una vez alcanzada la temperatura deseada, puede mantenerse 24\/7 para m\u00e1xima conveniencia o programarse para que funcione solo en d\u00edas u horarios espec\u00edficos, conservando as\u00ed energ\u00eda.<\/p>\t\t\t\t<\/div>\n\t\t\t\t<\/div>\n\t\t\t\t<div class=\"elementor-element elementor-element-54b98ac elementor-widget-divider--view-line elementor-widget elementor-widget-divider\" data-id=\"54b98ac\" data-element_type=\"widget\" data-e-type=\"widget\" data-widget_type=\"divider.default\">\n\t\t\t\t<div class=\"elementor-widget-container\">\n\t\t\t\t\t\t\t<div class=\"elementor-divider\">\n\t\t\t<span class=\"elementor-divider-separator\">\n\t\t\t\t\t\t<\/span>\n\t\t<\/div>\n\t\t\t\t\t\t<\/div>\n\t\t\t\t<\/div>\n\t\t\t\t<div class=\"elementor-element elementor-element-7d5716e elementor-widget elementor-widget-heading\" data-id=\"7d5716e\" data-element_type=\"widget\" data-e-type=\"widget\" data-widget_type=\"heading.default\">\n\t\t\t\t<div class=\"elementor-widget-container\">\n\t\t\t\t\t<p class=\"elementor-heading-title elementor-size-default\"><b>Frecuencia de cambio de agua:<\/b>\nRecomendamos cambiar el agua al menos cada 3-4 semanas si se usa diariamente en un entorno residencial. En uso comercial, podr\u00eda ser necesario cambiar el agua diariamente o semanalmente seg\u00fan el tr\u00e1fico. Para extender el tiempo entre cambios, aseg\u00farese de enjuagarse antes de entrar a la tina, especialmente si ha usado un sauna o si viene de hacer ejercicio. Pasar directamente del sauna al cold plunge requerir\u00e1 m\u00e1s cambios de agua debido a la transpiraci\u00f3n que ingresa al sistema. En usos comerciales, exija que todos los usuarios se ba\u00f1en antes de ingresar al cold plunge.<\/p>\t\t\t\t<\/div>\n\t\t\t\t<\/div>\n\t\t\t\t<div class=\"elementor-element elementor-element-019d3ba elementor-widget-divider--view-line elementor-widget elementor-widget-divider\" data-id=\"019d3ba\" data-element_type=\"widget\" data-e-type=\"widget\" data-widget_type=\"divider.default\">\n\t\t\t\t<div class=\"elementor-widget-container\">\n\t\t\t\t\t\t\t<div class=\"elementor-divider\">\n\t\t\t<span class=\"elementor-divider-separator\">\n\t\t\t\t\t\t<\/span>\n\t\t<\/div>\n\t\t\t\t\t\t<\/div>\n\t\t\t\t<\/div>\n\t\t\t\t<div class=\"elementor-element elementor-element-6454b5b elementor-widget elementor-widget-heading\" data-id=\"6454b5b\" data-element_type=\"widget\" data-e-type=\"widget\" data-widget_type=\"heading.default\">\n\t\t\t\t<div class=\"elementor-widget-container\">\n\t\t\t\t\t<p class=\"elementor-heading-title elementor-size-default\"><b>Mantenimiento:<\/b>\nDespu\u00e9s de cada uso, se recomienda secar el exterior de la tina para evitar manchas y desgaste en la madera y acero. Adem\u00e1s, es aconsejable aplicar aceite mineral a la madera peri\u00f3dicamente para mantener su brillo natural. Los filtros de papel deben cambiarse periodicamente. \n\nConsulte el manual del usuario para obtener m\u00e1s informaci\u00f3n sobre el mantenimiento.<\/p>\t\t\t\t<\/div>\n\t\t\t\t<\/div>\n\t\t\t\t<div class=\"elementor-element elementor-element-519ca0d elementor-widget-divider--view-line elementor-widget elementor-widget-divider\" data-id=\"519ca0d\" data-element_type=\"widget\" data-e-type=\"widget\" data-widget_type=\"divider.default\">\n\t\t\t\t<div class=\"elementor-widget-container\">\n\t\t\t\t\t\t\t<div class=\"elementor-divider\">\n\t\t\t<span class=\"elementor-divider-separator\">\n\t\t\t\t\t\t<\/span>\n\t\t<\/div>\n\t\t\t\t\t\t<\/div>\n\t\t\t\t<\/div>\n\t\t\t\t\t<\/div>\n\t\t<\/div>\n\t\t\t\t\t<\/div>\n\t\t<\/section>\n\t\t\t\t<\/div>\n\t\t","protected":false},"excerpt":{"rendered":"<p>norsvik Preguntas frecuentes Las respuestas a las dudas m\u00e1s comunes. M\u00e9todos de pago: En el e-commerce puede realizar una compra mediante una transferencia bancaria. En nuestro showroom puede pagar con tarjeta de cr\u00e9dito. Tambi\u00e9n ofrecemos financiamiento con Tasa Cero 3 meses o Mini Cuotas de 12 o 18 meses. Uso en interior\/exterior: Estas tinas son [&hellip;]<\/p>\n","protected":false},"author":1,"featured_media":0,"parent":0,"menu_order":0,"comment_status":"closed","ping_status":"closed","template":"","meta":{"om_disable_all_campaigns":false,"ocean_post_layout":"full-screen","ocean_both_sidebars_style":"","ocean_both_sidebars_content_width":0,"ocean_both_sidebars_sidebars_width":0,"ocean_sidebar":"0","ocean_second_sidebar":"0","ocean_disable_margins":"on","ocean_add_body_class":"","ocean_shortcode_before_top_bar":"","ocean_shortcode_after_top_bar":"","ocean_shortcode_before_header":"","ocean_shortcode_after_header":"","ocean_has_shortcode":"","ocean_shortcode_after_title":"","ocean_shortcode_before_footer_widgets":"","ocean_shortcode_after_footer_widgets":"","ocean_shortcode_before_footer_bottom":"","ocean_shortcode_after_footer_bottom":"","ocean_display_top_bar":"default","ocean_display_header":"default","ocean_header_style":"","ocean_center_header_left_menu":"0","ocean_custom_header_template":"0","ocean_custom_logo":0,"ocean_custom_retina_logo":0,"ocean_custom_logo_max_width":0,"ocean_custom_logo_tablet_max_width":0,"ocean_custom_logo_mobile_max_width":0,"ocean_custom_logo_max_height":0,"ocean_custom_logo_tablet_max_height":0,"ocean_custom_logo_mobile_max_height":0,"ocean_header_custom_menu":"0","ocean_menu_typo_font_family":"0","ocean_menu_typo_font_subset":"","ocean_menu_typo_font_size":0,"ocean_menu_typo_font_size_tablet":0,"ocean_menu_typo_font_size_mobile":0,"ocean_menu_typo_font_size_unit":"px","ocean_menu_typo_font_weight":"","ocean_menu_typo_font_weight_tablet":"","ocean_menu_typo_font_weight_mobile":"","ocean_menu_typo_transform":"","ocean_menu_typo_transform_tablet":"","ocean_menu_typo_transform_mobile":"","ocean_menu_typo_line_height":0,"ocean_menu_typo_line_height_tablet":0,"ocean_menu_typo_line_height_mobile":0,"ocean_menu_typo_line_height_unit":"","ocean_menu_typo_spacing":0,"ocean_menu_typo_spacing_tablet":0,"ocean_menu_typo_spacing_mobile":0,"ocean_menu_typo_spacing_unit":"","ocean_menu_link_color":"","ocean_menu_link_color_hover":"","ocean_menu_link_color_active":"","ocean_menu_link_background":"","ocean_menu_link_hover_background":"","ocean_menu_link_active_background":"","ocean_menu_social_links_bg":"","ocean_menu_social_hover_links_bg":"","ocean_menu_social_links_color":"","ocean_menu_social_hover_links_color":"","ocean_disable_title":"default","ocean_disable_heading":"default","ocean_post_title":"","ocean_post_subheading":"","ocean_post_title_style":"","ocean_post_title_background_color":"","ocean_post_title_background":0,"ocean_post_title_bg_image_position":"","ocean_post_title_bg_image_attachment":"","ocean_post_title_bg_image_repeat":"","ocean_post_title_bg_image_size":"","ocean_post_title_height":0,"ocean_post_title_bg_overlay":0.5,"ocean_post_title_bg_overlay_color":"","ocean_disable_breadcrumbs":"default","ocean_breadcrumbs_color":"","ocean_breadcrumbs_separator_color":"","ocean_breadcrumbs_links_color":"","ocean_breadcrumbs_links_hover_color":"","ocean_display_footer_widgets":"default","ocean_display_footer_bottom":"default","ocean_custom_footer_template":"0","osh_disable_topbar_sticky":"default","osh_disable_header_sticky":"default","osh_sticky_header_style":"default","osh_sticky_header_effect":"","osh_custom_sticky_logo":0,"osh_custom_retina_sticky_logo":0,"osh_custom_sticky_logo_height":0,"osh_background_color":"","osh_links_color":"","osh_links_hover_color":"","osh_links_active_color":"","osh_links_bg_color":"","osh_links_hover_bg_color":"","osh_links_active_bg_color":"","osh_menu_social_links_color":"","osh_menu_social_hover_links_color":"","footnotes":""},"class_list":["post-710","page","type-page","status-publish","hentry","entry","owp-thumbs-layout-horizontal","owp-btn-normal","owp-tabs-layout-horizontal","has-no-thumbnails","has-product-nav"],"aioseo_notices":[],"_links":{"self":[{"href":"https:\/\/norsvik.com\/es\/wp-json\/wp\/v2\/pages\/710","targetHints":{"allow":["GET"]}}],"collection":[{"href":"https:\/\/norsvik.com\/es\/wp-json\/wp\/v2\/pages"}],"about":[{"href":"https:\/\/norsvik.com\/es\/wp-json\/wp\/v2\/types\/page"}],"author":[{"embeddable":true,"href":"https:\/\/norsvik.com\/es\/wp-json\/wp\/v2\/users\/1"}],"replies":[{"embeddable":true,"href":"https:\/\/norsvik.com\/es\/wp-json\/wp\/v2\/comments?post=710"}],"version-history":[{"count":65,"href":"https:\/\/norsvik.com\/es\/wp-json\/wp\/v2\/pages\/710\/revisions"}],"predecessor-version":[{"id":3271,"href":"https:\/\/norsvik.com\/es\/wp-json\/wp\/v2\/pages\/710\/revisions\/3271"}],"wp:attachment":[{"href":"https:\/\/norsvik.com\/es\/wp-json\/wp\/v2\/media?parent=710"}],"curies":[{"name":"wp","href":"https:\/\/api.w.org\/{rel}","templated":true}]}}