{"id":3015,"date":"2025-06-02T20:43:26","date_gmt":"2025-06-02T20:43:26","guid":{"rendered":"https:\/\/norsvik.com\/?post_type=product&#038;p=3015"},"modified":"2026-01-14T11:08:16","modified_gmt":"2026-01-14T17:08:16","slug":"fjord","status":"publish","type":"product","link":"https:\/\/norsvik.com\/es\/producto\/fjord\/","title":{"rendered":"Fjord"},"content":{"rendered":"<h3><strong>FJORD COLD PLUNGE &#8211; NORSVK<\/strong><\/h3>\n<p><b>Temperatura m\u00ednima:<\/b> 2\u00b0C.<\/p>\n<div class=\"elementor-widget-container\">\n<p><b>Puede calentar hasta:<\/b> 40\u00b0C.<\/p>\n<p><b>Dimensiones<\/b>: Di\u00e1metro 85cm, Altura 90cm, Profundidad 83cm<\/p>\n<p><b>Materiales<\/b>: Acero inoxidable con acabado en cedro rojo.<\/p>\n<p><b>Peso<\/b> aproximado sin agua incluyendo a Ragnar: 125kg<\/p>\n<p><b>Interfaz<\/b> de pantalla t\u00e1ctil y conectividad WiFi para controlar con app, ofreciendo programaci\u00f3n de enfriamiento y selecci\u00f3n precisa de temperatura.<\/p>\n<p><b>Sistema de esterilizaci\u00f3n<\/b> por ozono de alta eficiencia<\/p>\n<p><b>Conector<\/b>\u00a0<b>120v<\/b> para una instalaci\u00f3n simple y r\u00e1pida en cualquier tomacorriente 120v.<\/p>\n<p><b>Filtro de agua<\/b> de 20 micrones con tres repuestos incluidos<\/p>\n<p><b>Volumen<\/b> de agua aproximado 350L<\/p>\n<p><b>Tiempo aproximado para enfriar<\/b>\u00a0de 25C a 5C grados: 4 horas<\/p>\n<p><strong>Garant\u00eda<\/strong>: 1 a\u00f1o<\/p>\n<p>&nbsp;<\/p>\n<\/div>\n<div class=\"elementor-widget-container\">\n<div class=\"elementor-element elementor-element-ddd3fab elementor-widget-divider--view-line elementor-widget elementor-widget-divider\" data-id=\"ddd3fab\" data-element_type=\"widget\" data-widget_type=\"divider.default\">\n<div class=\"elementor-widget-container\">\n<div class=\"elementor-divider\"><\/div>\n<\/div>\n<\/div>\n<\/div>\n","protected":false},"excerpt":{"rendered":"<div class=\"elementor-element elementor-element-d93ca32 elementor-widget elementor-widget-heading\" data-id=\"d93ca32\" data-element_type=\"widget\" data-widget_type=\"heading.default\">\n<div class=\"elementor-widget-container\">\n<h2 class=\"elementor-heading-title elementor-size-default\">Obra maestra de dise\u00f1o y funcionalidad<\/h2>\n<\/div>\n<\/div>\n<div class=\"elementor-element elementor-element-7c869b9 elementor-widget elementor-widget-text-editor\" data-id=\"7c869b9\" data-element_type=\"widget\" data-widget_type=\"text-editor.default\">\n<div class=\"elementor-widget-container\">\n<p>Este coldplunge\u00a0<strong>dise\u00f1ado en Costa Rica<\/strong>, lleva revestimiento en cedro rojo y combina la robustez de una tina de acero inoxidable con la elegancia de esta madera. El cedro tiene un aroma placentero caracter\u00edstico debido a la resina que contiene este material.<\/p>\n<p><strong>El enfriador externo<\/strong>\u00a0(incluido) va conectado por mangueras t\u00e9rmicamente aisladas y permite un control preciso de la temperatura, asegurando una experiencia de inmersi\u00f3n en fr\u00edo \u00f3ptima y personalizable.<\/p>\n<p>La tina cuenta con<strong>\u00a0insulaci\u00f3n t\u00e9rmica<\/strong> de \u00faltima tecnolog\u00eda, dise\u00f1ada para mantener el fr\u00edo y maximizar la eficiencia energ\u00e9tica.<\/p>\n<p><strong>Env\u00edo e instalaci\u00f3n<\/strong> gratuita en el GAM.<\/p>\n<\/div>\n<\/div>\n","protected":false},"featured_media":2294,"comment_status":"open","ping_status":"closed","template":"","meta":{"om_disable_all_campaigns":false,"ocean_post_layout":"full-width","ocean_both_sidebars_style":"","ocean_both_sidebars_content_width":0,"ocean_both_sidebars_sidebars_width":0,"ocean_sidebar":"0","ocean_second_sidebar":"0","ocean_disable_margins":"enable","ocean_add_body_class":"","ocean_shortcode_before_top_bar":"","ocean_shortcode_after_top_bar":"","ocean_shortcode_before_header":"","ocean_shortcode_after_header":"","ocean_has_shortcode":"","ocean_shortcode_after_title":"","ocean_shortcode_before_footer_widgets":"","ocean_shortcode_after_footer_widgets":"","ocean_shortcode_before_footer_bottom":"","ocean_shortcode_after_footer_bottom":"","ocean_display_top_bar":"default","ocean_display_header":"default","ocean_header_style":"","ocean_center_header_left_menu":"0","ocean_custom_header_template":"0","ocean_custom_logo":0,"ocean_custom_retina_logo":0,"ocean_custom_logo_max_width":0,"ocean_custom_logo_tablet_max_width":0,"ocean_custom_logo_mobile_max_width":0,"ocean_custom_logo_max_height":0,"ocean_custom_logo_tablet_max_height":0,"ocean_custom_logo_mobile_max_height":0,"ocean_header_custom_menu":"0","ocean_menu_typo_font_family":"0","ocean_menu_typo_font_subset":"","ocean_menu_typo_font_size":0,"ocean_menu_typo_font_size_tablet":0,"ocean_menu_typo_font_size_mobile":0,"ocean_menu_typo_font_size_unit":"px","ocean_menu_typo_font_weight":"","ocean_menu_typo_font_weight_tablet":"","ocean_menu_typo_font_weight_mobile":"","ocean_menu_typo_transform":"","ocean_menu_typo_transform_tablet":"","ocean_menu_typo_transform_mobile":"","ocean_menu_typo_line_height":0,"ocean_menu_typo_line_height_tablet":0,"ocean_menu_typo_line_height_mobile":0,"ocean_menu_typo_line_height_unit":"","ocean_menu_typo_spacing":0,"ocean_menu_typo_spacing_tablet":0,"ocean_menu_typo_spacing_mobile":0,"ocean_menu_typo_spacing_unit":"","ocean_menu_link_color":"","ocean_menu_link_color_hover":"","ocean_menu_link_color_active":"","ocean_menu_link_background":"","ocean_menu_link_hover_background":"","ocean_menu_link_active_background":"","ocean_menu_social_links_bg":"","ocean_menu_social_hover_links_bg":"","ocean_menu_social_links_color":"","ocean_menu_social_hover_links_color":"","ocean_disable_title":"default","ocean_disable_heading":"default","ocean_post_title":"Fjord","ocean_post_subheading":"","ocean_post_title_style":"","ocean_post_title_background_color":"","ocean_post_title_background":0,"ocean_post_title_bg_image_position":"","ocean_post_title_bg_image_attachment":"","ocean_post_title_bg_image_repeat":"","ocean_post_title_bg_image_size":"","ocean_post_title_height":0,"ocean_post_title_bg_overlay":0.5,"ocean_post_title_bg_overlay_color":"","ocean_disable_breadcrumbs":"default","ocean_breadcrumbs_color":"","ocean_breadcrumbs_separator_color":"","ocean_breadcrumbs_links_color":"","ocean_breadcrumbs_links_hover_color":"","ocean_display_footer_widgets":"default","ocean_display_footer_bottom":"default","ocean_custom_footer_template":"0","osh_disable_topbar_sticky":"default","osh_disable_header_sticky":"default","osh_sticky_header_style":"default","osh_sticky_header_effect":"","osh_custom_sticky_logo":0,"osh_custom_retina_sticky_logo":0,"osh_custom_sticky_logo_height":0,"osh_background_color":"","osh_links_color":"","osh_links_hover_color":"","osh_links_active_color":"","osh_links_bg_color":"","osh_links_hover_bg_color":"","osh_links_active_bg_color":"","osh_menu_social_links_color":"","osh_menu_social_hover_links_color":""},"product_brand":[],"product_cat":[26],"product_tag":[25,24,23],"class_list":{"0":"post-3015","1":"product","2":"type-product","3":"status-publish","4":"has-post-thumbnail","6":"product_cat-tinas","7":"product_tag-cold-plunge","8":"product_tag-fjord","9":"product_tag-norsvik","10":"product_shipping_class-fjord-gam","12":"entry","13":"has-media","15":"first","16":"instock","17":"taxable","18":"shipping-taxable","19":"purchasable","20":"product-type-simple","21":"has-product-nav","22":"col","23":"span_1_of_3","24":"owp-content-center","25":"owp-thumbs-layout-horizontal","26":"owp-btn-normal","27":"owp-tabs-layout-horizontal"},"aioseo_notices":[],"_links":{"self":[{"href":"https:\/\/norsvik.com\/es\/wp-json\/wp\/v2\/product\/3015","targetHints":{"allow":["GET"]}}],"collection":[{"href":"https:\/\/norsvik.com\/es\/wp-json\/wp\/v2\/product"}],"about":[{"href":"https:\/\/norsvik.com\/es\/wp-json\/wp\/v2\/types\/product"}],"replies":[{"embeddable":true,"href":"https:\/\/norsvik.com\/es\/wp-json\/wp\/v2\/comments?post=3015"}],"wp:featuredmedia":[{"embeddable":true,"href":"https:\/\/norsvik.com\/es\/wp-json\/wp\/v2\/media\/2294"}],"wp:attachment":[{"href":"https:\/\/norsvik.com\/es\/wp-json\/wp\/v2\/media?parent=3015"}],"wp:term":[{"taxonomy":"product_brand","embeddable":true,"href":"https:\/\/norsvik.com\/es\/wp-json\/wp\/v2\/product_brand?post=3015"},{"taxonomy":"product_cat","embeddable":true,"href":"https:\/\/norsvik.com\/es\/wp-json\/wp\/v2\/product_cat?post=3015"},{"taxonomy":"product_tag","embeddable":true,"href":"https:\/\/norsvik.com\/es\/wp-json\/wp\/v2\/product_tag?post=3015"}],"curies":[{"name":"wp","href":"https:\/\/api.w.org\/{rel}","templated":true}]}}