{"id":3017,"date":"2025-06-02T21:11:40","date_gmt":"2025-06-02T21:11:40","guid":{"rendered":"https:\/\/norsvik.com\/?post_type=product&#038;p=3017"},"modified":"2025-12-16T05:43:02","modified_gmt":"2025-12-16T11:43:02","slug":"ragnar-chiller","status":"publish","type":"product","link":"https:\/\/norsvik.com\/es\/producto\/ragnar-chiller\/","title":{"rendered":"Ragnar Chiller"},"content":{"rendered":"<h2><strong>Enfriador Ragnar 2025<\/strong><\/h2>\n<div class=\"elementor-widget-container\">\n<div class=\"elementor-element elementor-element-4ee9160 elementor-widget elementor-widget-heading\" data-id=\"4ee9160\" data-element_type=\"widget\" data-widget_type=\"heading.default\">\n<div class=\"elementor-widget-container\">\n<p><b>Temperatura<\/b> <strong>m\u00ednima:<\/strong> 3C<\/p>\n<p><strong>Puede calentar hasta:<\/strong> 42C<\/p>\n<p><b>Voltaje<\/b> AC 100-127v 60Hz<\/p>\n<p><b>Potencia<\/b> entrada 1150W<\/p>\n<p><b>Potencia<\/b> compresor 900W<\/p>\n<p><b>Capacidad<\/b> de enfriamiento 3000W<\/p>\n<p><b>Bomba<\/b> de 88W integrada para circulaci\u00f3n del agua<\/p>\n<p><b>Filtro de agua<\/b> de 20 micrones, 3 repuestos incluidos<\/p>\n<p><b>Control con pantalla t\u00e1ctil<\/b> o por WiFi mediante un App<\/p>\n<p><b>Dimensiones:<\/b> 54 cm x 40 cm x 55 cm<\/p>\n<p>Dise\u00f1o eficiente con<b>\u00a0bajo ruido<\/b> (58dB max)<\/p>\n<p><b>Protecci\u00f3n<\/b> contra sobrecalentamiento<\/p>\n<p><b>Separaci\u00f3n completa<\/b> entre el sistema h\u00eddrico y el\u00e9ctrico para mayor seguridad.<\/p>\n<p><b>Componentes robustos<\/b> que permiten trabajar 24\/7<\/p>\n<p><b>Sistema\u00a0<i>antifreeze<\/i><\/b>\u00a0para evitar que se congelen las tuber\u00edas.<\/p>\n<\/div>\n<\/div>\n<div class=\"elementor-element elementor-element-f3c9192 elementor-widget-divider--view-line elementor-widget elementor-widget-divider\" data-id=\"f3c9192\" data-element_type=\"widget\" data-widget_type=\"divider.default\">\n<div class=\"elementor-widget-container\">\n<div class=\"elementor-divider\"><\/div>\n<\/div>\n<\/div>\n<\/div>\n<div class=\"elementor-widget-container\">\n<div class=\"elementor-element elementor-element-ddd3fab elementor-widget-divider--view-line elementor-widget elementor-widget-divider\" data-id=\"ddd3fab\" data-element_type=\"widget\" data-widget_type=\"divider.default\">\n<div class=\"elementor-widget-container\">\n<div class=\"elementor-divider\"><\/div>\n<\/div>\n<\/div>\n<\/div>\n","protected":false},"excerpt":{"rendered":"<div class=\"elementor-element elementor-element-d93ca32 elementor-widget elementor-widget-heading\" data-id=\"d93ca32\" data-element_type=\"widget\" data-widget_type=\"heading.default\">\n<div class=\"elementor-widget-container\">\n<h2>Enfriador Ragnar 2025<\/h2>\n<\/div>\n<\/div>\n<div class=\"elementor-element elementor-element-7c869b9 elementor-widget elementor-widget-text-editor\" data-id=\"7c869b9\" data-element_type=\"widget\" data-widget_type=\"text-editor.default\">\n<div class=\"elementor-widget-container\">\n<p><b>Este chiller<\/b> se puede vender de forma independiente.<\/p>\n<p><strong>Suplimos<\/strong> 3 filtros de repuesto, el prefiltro, y las mangueras con sus respectivos acoples.<\/p>\n<p><b>Control con pantalla t\u00e1ctil<\/b> o por WiFi mediante un App<\/p>\n<p><strong>El enfriador Ragnar<\/strong>\u00a0va conectado por mangueras t\u00e9rmicamente aisladas y permite un control preciso de la temperatura, asegurando una experiencia de inmersi\u00f3n en fr\u00edo \u00f3ptima y personalizable.<\/p>\n<p>&nbsp;<\/p>\n<\/div>\n<\/div>\n","protected":false},"featured_media":2276,"comment_status":"open","ping_status":"closed","template":"","meta":{"om_disable_all_campaigns":false,"ocean_post_layout":"full-width","ocean_both_sidebars_style":"","ocean_both_sidebars_content_width":0,"ocean_both_sidebars_sidebars_width":0,"ocean_sidebar":"0","ocean_second_sidebar":"0","ocean_disable_margins":"enable","ocean_add_body_class":"","ocean_shortcode_before_top_bar":"","ocean_shortcode_after_top_bar":"","ocean_shortcode_before_header":"","ocean_shortcode_after_header":"","ocean_has_shortcode":"","ocean_shortcode_after_title":"","ocean_shortcode_before_footer_widgets":"","ocean_shortcode_after_footer_widgets":"","ocean_shortcode_before_footer_bottom":"","ocean_shortcode_after_footer_bottom":"","ocean_display_top_bar":"default","ocean_display_header":"default","ocean_header_style":"","ocean_center_header_left_menu":"0","ocean_custom_header_template":"0","ocean_custom_logo":0,"ocean_custom_retina_logo":0,"ocean_custom_logo_max_width":0,"ocean_custom_logo_tablet_max_width":0,"ocean_custom_logo_mobile_max_width":0,"ocean_custom_logo_max_height":0,"ocean_custom_logo_tablet_max_height":0,"ocean_custom_logo_mobile_max_height":0,"ocean_header_custom_menu":"0","ocean_menu_typo_font_family":"0","ocean_menu_typo_font_subset":"","ocean_menu_typo_font_size":0,"ocean_menu_typo_font_size_tablet":0,"ocean_menu_typo_font_size_mobile":0,"ocean_menu_typo_font_size_unit":"px","ocean_menu_typo_font_weight":"","ocean_menu_typo_font_weight_tablet":"","ocean_menu_typo_font_weight_mobile":"","ocean_menu_typo_transform":"","ocean_menu_typo_transform_tablet":"","ocean_menu_typo_transform_mobile":"","ocean_menu_typo_line_height":0,"ocean_menu_typo_line_height_tablet":0,"ocean_menu_typo_line_height_mobile":0,"ocean_menu_typo_line_height_unit":"","ocean_menu_typo_spacing":0,"ocean_menu_typo_spacing_tablet":0,"ocean_menu_typo_spacing_mobile":0,"ocean_menu_typo_spacing_unit":"","ocean_menu_link_color":"","ocean_menu_link_color_hover":"","ocean_menu_link_color_active":"","ocean_menu_link_background":"","ocean_menu_link_hover_background":"","ocean_menu_link_active_background":"","ocean_menu_social_links_bg":"","ocean_menu_social_hover_links_bg":"","ocean_menu_social_links_color":"","ocean_menu_social_hover_links_color":"","ocean_disable_title":"default","ocean_disable_heading":"default","ocean_post_title":"Ragnar Chiller","ocean_post_subheading":"","ocean_post_title_style":"","ocean_post_title_background_color":"","ocean_post_title_background":0,"ocean_post_title_bg_image_position":"","ocean_post_title_bg_image_attachment":"","ocean_post_title_bg_image_repeat":"","ocean_post_title_bg_image_size":"","ocean_post_title_height":0,"ocean_post_title_bg_overlay":0.5,"ocean_post_title_bg_overlay_color":"","ocean_disable_breadcrumbs":"default","ocean_breadcrumbs_color":"","ocean_breadcrumbs_separator_color":"","ocean_breadcrumbs_links_color":"","ocean_breadcrumbs_links_hover_color":"","ocean_display_footer_widgets":"default","ocean_display_footer_bottom":"default","ocean_custom_footer_template":"0","osh_disable_topbar_sticky":"default","osh_disable_header_sticky":"default","osh_sticky_header_style":"default","osh_sticky_header_effect":"","osh_custom_sticky_logo":0,"osh_custom_retina_sticky_logo":0,"osh_custom_sticky_logo_height":0,"osh_background_color":"","osh_links_color":"","osh_links_hover_color":"","osh_links_active_color":"","osh_links_bg_color":"","osh_links_hover_bg_color":"","osh_links_active_bg_color":"","osh_menu_social_links_color":"","osh_menu_social_hover_links_color":""},"product_brand":[],"product_cat":[28],"product_tag":[25,23,29],"class_list":{"0":"post-3017","1":"product","2":"type-product","3":"status-publish","4":"has-post-thumbnail","6":"product_cat-enfriador","7":"product_tag-cold-plunge","8":"product_tag-norsvik","9":"product_tag-ragnar","10":"product_shipping_class-ragnar-chiller-gam","12":"entry","13":"has-media","15":"first","16":"instock","17":"taxable","18":"shipping-taxable","19":"purchasable","20":"product-type-simple","21":"has-product-nav","22":"col","23":"span_1_of_3","24":"owp-content-center","25":"owp-thumbs-layout-horizontal","26":"owp-btn-normal","27":"owp-tabs-layout-horizontal"},"aioseo_notices":[],"_links":{"self":[{"href":"https:\/\/norsvik.com\/es\/wp-json\/wp\/v2\/product\/3017","targetHints":{"allow":["GET"]}}],"collection":[{"href":"https:\/\/norsvik.com\/es\/wp-json\/wp\/v2\/product"}],"about":[{"href":"https:\/\/norsvik.com\/es\/wp-json\/wp\/v2\/types\/product"}],"replies":[{"embeddable":true,"href":"https:\/\/norsvik.com\/es\/wp-json\/wp\/v2\/comments?post=3017"}],"wp:featuredmedia":[{"embeddable":true,"href":"https:\/\/norsvik.com\/es\/wp-json\/wp\/v2\/media\/2276"}],"wp:attachment":[{"href":"https:\/\/norsvik.com\/es\/wp-json\/wp\/v2\/media?parent=3017"}],"wp:term":[{"taxonomy":"product_brand","embeddable":true,"href":"https:\/\/norsvik.com\/es\/wp-json\/wp\/v2\/product_brand?post=3017"},{"taxonomy":"product_cat","embeddable":true,"href":"https:\/\/norsvik.com\/es\/wp-json\/wp\/v2\/product_cat?post=3017"},{"taxonomy":"product_tag","embeddable":true,"href":"https:\/\/norsvik.com\/es\/wp-json\/wp\/v2\/product_tag?post=3017"}],"curies":[{"name":"wp","href":"https:\/\/api.w.org\/{rel}","templated":true}]}}