{"id":3285,"date":"2025-07-02T11:24:18","date_gmt":"2025-07-02T17:24:18","guid":{"rendered":"https:\/\/norsvik.com\/?post_type=product&#038;p=3285"},"modified":"2025-12-12T09:21:24","modified_gmt":"2025-12-12T15:21:24","slug":"floki","status":"publish","type":"product","link":"https:\/\/norsvik.com\/es\/producto\/floki\/","title":{"rendered":"Floki"},"content":{"rendered":"<h3><strong>FLOKI COLD PLUNGE &#8211; NORSVK<\/strong><\/h3>\n<div class=\"elementor-widget-container\">\n<ul>\n<li data-start=\"643\" data-end=\"729\"><strong data-start=\"643\" data-end=\"682\">Cuerpo en acero inoxidable completo<\/strong> \u2014 dise\u00f1o minimalista y construcci\u00f3n robusta.<\/li>\n<li><strong data-start=\"732\" data-end=\"756\">Aislamiento superior<\/strong> \u2014 doble capa t\u00e9rmica para una eficiencia l\u00edder en la industria.<\/li>\n<li data-start=\"847\" data-end=\"948\"><strong data-start=\"847\" data-end=\"881\">Construida para la resistencia<\/strong> \u2014 ideal para instalaciones al aire libre y entornos de alto uso.<\/li>\n<li data-start=\"951\" data-end=\"1051\"><strong data-start=\"951\" data-end=\"974\">Compacta y pr\u00e1ctica<\/strong> \u2014 di\u00e1metro de 86.5cm, altura de 100cm, profundidad 90cm<\/li>\n<li data-start=\"951\" data-end=\"1051\"><strong>Peso<\/strong> sin agua incluyendo a Ragnar: 130kg.<\/li>\n<li data-start=\"1054\" data-end=\"1209\"><strong data-start=\"1054\" data-end=\"1087\">Sistema de inmersi\u00f3n completo<\/strong> \u2014 incluye el enfriador Ragnar 2025 con todos los accesorios necesarios<\/li>\n<li><b>Temperatura m\u00ednima:<\/b> 2\u00b0C.<\/li>\n<li><b>Puede calentar hasta:<\/b> 40\u00b0C.<\/li>\n<li><b>Sistema de esterilizaci\u00f3n<\/b> por ozono de alta eficiencia<\/li>\n<li><b>Interfaz<\/b> de pantalla t\u00e1ctil y conectividad WiFi para controlar con app, ofreciendo programaci\u00f3n de enfriamiento y selecci\u00f3n precisa de temperatura.<\/li>\n<li><b>Filtro de agua<\/b> de 20 micrones con tres repuestos incluidos<\/li>\n<li><b>Conector<\/b>\u00a0<b>120v<\/b> para una instalaci\u00f3n simple y r\u00e1pida en cualquier tomacorriente 120v.<\/li>\n<li><b>Tiempo aproximado para enfriar<\/b>\u00a0de 25C a 5C grados: 4 horas<\/li>\n<\/ul>\n<p>&nbsp;<\/p>\n<p><strong>Floki<\/strong> es nuestra unidad m\u00e1s profunda disponible, lo que permite una inmersi\u00f3n sencilla hasta el nivel del cuello.<\/p>\n<p data-start=\"1328\" data-end=\"1449\"><strong data-start=\"1328\" data-end=\"1345\">Acceso c\u00f3modo<\/strong>: Incluye una escalera de acero negro y un peque\u00f1o escal\u00f3n interno para facilitar la entrada y salida.<\/p>\n<p data-start=\"1451\" data-end=\"1525\">Floki representa el equilibrio perfecto entre durabilidad y rendimiento.<\/p>\n<p data-start=\"1527\" data-end=\"1616\">Incluye <strong data-start=\"1535\" data-end=\"1575\">garant\u00eda de 12 meses<\/strong>\u00a0y <strong data-start=\"1578\" data-end=\"1613\">entrega gratuita dentro del GAM<\/strong>.<\/p>\n<p>&nbsp;<\/p>\n<p>&nbsp;<\/p>\n<\/div>\n<div class=\"elementor-widget-container\">\n<div class=\"elementor-element elementor-element-ddd3fab elementor-widget-divider--view-line elementor-widget elementor-widget-divider\" data-id=\"ddd3fab\" data-element_type=\"widget\" data-widget_type=\"divider.default\">\n<div class=\"elementor-widget-container\">\n<div class=\"elementor-divider\"><\/div>\n<\/div>\n<\/div>\n<\/div>\n","protected":false},"excerpt":{"rendered":"<div class=\"elementor-element elementor-element-d93ca32 elementor-widget elementor-widget-heading\" data-id=\"d93ca32\" data-element_type=\"widget\" data-widget_type=\"heading.default\">\n<div class=\"elementor-widget-container\">\n<h2 class=\"elementor-heading-title elementor-size-default\">Dise\u00f1o modular contundente.<\/h2>\n<\/div>\n<\/div>\n<div class=\"elementor-element elementor-element-7c869b9 elementor-widget elementor-widget-text-editor\" data-id=\"7c869b9\" data-element_type=\"widget\" data-widget_type=\"text-editor.default\">\n<div class=\"elementor-widget-container\">\n<p data-start=\"170\" data-end=\"605\">Floki es una tina de inmersi\u00f3n en fr\u00edo construida para la resiliencia. Fabricada completamente en acero inoxidable, tanto en su interior como en el exterior, ofrece una est\u00e9tica moderna y elegante, al mismo tiempo que garantiza una durabilidad inigualable. Dise\u00f1ada para espacios de alto tr\u00e1nsito y uso en exteriores, Floki resiste el desgaste que otros materiales sufren con el tiempo, manteniendo su vigor temporada tras temporada.<\/p>\n<p><strong>Env\u00edo e instalaci\u00f3n<\/strong> gratuita en el GAM.<\/p>\n<\/div>\n<\/div>\n","protected":false},"featured_media":3326,"comment_status":"open","ping_status":"closed","template":"","meta":{"om_disable_all_campaigns":false,"ocean_post_layout":"full-width","ocean_both_sidebars_style":"","ocean_both_sidebars_content_width":0,"ocean_both_sidebars_sidebars_width":0,"ocean_sidebar":"0","ocean_second_sidebar":"0","ocean_disable_margins":"enable","ocean_add_body_class":"","ocean_shortcode_before_top_bar":"","ocean_shortcode_after_top_bar":"","ocean_shortcode_before_header":"","ocean_shortcode_after_header":"","ocean_has_shortcode":"","ocean_shortcode_after_title":"","ocean_shortcode_before_footer_widgets":"","ocean_shortcode_after_footer_widgets":"","ocean_shortcode_before_footer_bottom":"","ocean_shortcode_after_footer_bottom":"","ocean_display_top_bar":"default","ocean_display_header":"default","ocean_header_style":"","ocean_center_header_left_menu":"0","ocean_custom_header_template":"0","ocean_custom_logo":0,"ocean_custom_retina_logo":0,"ocean_custom_logo_max_width":0,"ocean_custom_logo_tablet_max_width":0,"ocean_custom_logo_mobile_max_width":0,"ocean_custom_logo_max_height":0,"ocean_custom_logo_tablet_max_height":0,"ocean_custom_logo_mobile_max_height":0,"ocean_header_custom_menu":"0","ocean_menu_typo_font_family":"0","ocean_menu_typo_font_subset":"","ocean_menu_typo_font_size":0,"ocean_menu_typo_font_size_tablet":0,"ocean_menu_typo_font_size_mobile":0,"ocean_menu_typo_font_size_unit":"px","ocean_menu_typo_font_weight":"","ocean_menu_typo_font_weight_tablet":"","ocean_menu_typo_font_weight_mobile":"","ocean_menu_typo_transform":"","ocean_menu_typo_transform_tablet":"","ocean_menu_typo_transform_mobile":"","ocean_menu_typo_line_height":0,"ocean_menu_typo_line_height_tablet":0,"ocean_menu_typo_line_height_mobile":0,"ocean_menu_typo_line_height_unit":"","ocean_menu_typo_spacing":0,"ocean_menu_typo_spacing_tablet":0,"ocean_menu_typo_spacing_mobile":0,"ocean_menu_typo_spacing_unit":"","ocean_menu_link_color":"","ocean_menu_link_color_hover":"","ocean_menu_link_color_active":"","ocean_menu_link_background":"","ocean_menu_link_hover_background":"","ocean_menu_link_active_background":"","ocean_menu_social_links_bg":"","ocean_menu_social_hover_links_bg":"","ocean_menu_social_links_color":"","ocean_menu_social_hover_links_color":"","ocean_disable_title":"default","ocean_disable_heading":"default","ocean_post_title":"Floki","ocean_post_subheading":"","ocean_post_title_style":"","ocean_post_title_background_color":"","ocean_post_title_background":0,"ocean_post_title_bg_image_position":"","ocean_post_title_bg_image_attachment":"","ocean_post_title_bg_image_repeat":"","ocean_post_title_bg_image_size":"","ocean_post_title_height":0,"ocean_post_title_bg_overlay":0.5,"ocean_post_title_bg_overlay_color":"","ocean_disable_breadcrumbs":"default","ocean_breadcrumbs_color":"","ocean_breadcrumbs_separator_color":"","ocean_breadcrumbs_links_color":"","ocean_breadcrumbs_links_hover_color":"","ocean_display_footer_widgets":"default","ocean_display_footer_bottom":"default","ocean_custom_footer_template":"0","osh_disable_topbar_sticky":"default","osh_disable_header_sticky":"default","osh_sticky_header_style":"default","osh_sticky_header_effect":"","osh_custom_sticky_logo":0,"osh_custom_retina_sticky_logo":0,"osh_custom_sticky_logo_height":0,"osh_background_color":"","osh_links_color":"","osh_links_hover_color":"","osh_links_active_color":"","osh_links_bg_color":"","osh_links_hover_bg_color":"","osh_links_active_bg_color":"","osh_menu_social_links_color":"","osh_menu_social_hover_links_color":""},"product_brand":[],"product_cat":[26],"product_tag":[25,23],"class_list":{"0":"post-3285","1":"product","2":"type-product","3":"status-publish","4":"has-post-thumbnail","6":"product_cat-tinas","7":"product_tag-cold-plunge","8":"product_tag-norsvik","9":"product_shipping_class-fjord-gam","11":"entry","12":"has-media","14":"first","15":"instock","16":"taxable","17":"shipping-taxable","18":"purchasable","19":"product-type-simple","20":"has-product-nav","21":"col","22":"span_1_of_3","23":"owp-content-center","24":"owp-thumbs-layout-horizontal","25":"owp-btn-normal","26":"owp-tabs-layout-horizontal"},"aioseo_notices":[],"_links":{"self":[{"href":"https:\/\/norsvik.com\/es\/wp-json\/wp\/v2\/product\/3285","targetHints":{"allow":["GET"]}}],"collection":[{"href":"https:\/\/norsvik.com\/es\/wp-json\/wp\/v2\/product"}],"about":[{"href":"https:\/\/norsvik.com\/es\/wp-json\/wp\/v2\/types\/product"}],"replies":[{"embeddable":true,"href":"https:\/\/norsvik.com\/es\/wp-json\/wp\/v2\/comments?post=3285"}],"wp:featuredmedia":[{"embeddable":true,"href":"https:\/\/norsvik.com\/es\/wp-json\/wp\/v2\/media\/3326"}],"wp:attachment":[{"href":"https:\/\/norsvik.com\/es\/wp-json\/wp\/v2\/media?parent=3285"}],"wp:term":[{"taxonomy":"product_brand","embeddable":true,"href":"https:\/\/norsvik.com\/es\/wp-json\/wp\/v2\/product_brand?post=3285"},{"taxonomy":"product_cat","embeddable":true,"href":"https:\/\/norsvik.com\/es\/wp-json\/wp\/v2\/product_cat?post=3285"},{"taxonomy":"product_tag","embeddable":true,"href":"https:\/\/norsvik.com\/es\/wp-json\/wp\/v2\/product_tag?post=3285"}],"curies":[{"name":"wp","href":"https:\/\/api.w.org\/{rel}","templated":true}]}}