{"id":3319,"date":"2025-08-20T15:12:15","date_gmt":"2025-08-20T21:12:15","guid":{"rendered":"https:\/\/norsvik.com\/?post_type=product&#038;p=3319"},"modified":"2025-09-12T07:25:22","modified_gmt":"2025-09-12T13:25:22","slug":"cubierta-de-tela-odin","status":"publish","type":"product","link":"https:\/\/norsvik.com\/es\/producto\/cubierta-de-tela-odin\/","title":{"rendered":"Cobertor de Tela Odin"},"content":{"rendered":"<ul>\n<li data-start=\"513\" data-end=\"608\">\n<p data-start=\"515\" data-end=\"608\"><strong data-start=\"515\" data-end=\"544\">Ajuste a medida para Odin<\/strong> \u2014 protecci\u00f3n elegante que complementa el dise\u00f1o de la unidad.<\/p>\n<\/li>\n<li data-start=\"609\" data-end=\"699\">\n<p data-start=\"611\" data-end=\"699\"><strong data-start=\"611\" data-end=\"641\">Durabilidad de tela Oxford<\/strong> \u2014 resistente al agua, robusta y dise\u00f1ada para perdurar.<\/p>\n<\/li>\n<li data-start=\"700\" data-end=\"758\">\n<p data-start=\"702\" data-end=\"758\"><strong data-start=\"702\" data-end=\"726\">Preserva la est\u00e9tica<\/strong> \u2014 mantiene su tina impecable.<\/p>\n<\/li>\n<li data-start=\"759\" data-end=\"853\">\n<p data-start=\"761\" data-end=\"853\"><strong data-start=\"761\" data-end=\"786\">Prolonga la vida \u00fatil<\/strong> \u2014 reduce la exposici\u00f3n al sol, la lluvia y factores ambientales.<\/p>\n<\/li>\n<li data-start=\"854\" data-end=\"947\">\n<p data-start=\"856\" data-end=\"947\"><strong data-start=\"856\" data-end=\"880\">Proteja su inversi\u00f3n<\/strong> \u2014 una forma sencilla de garantizar un rendimiento a largo plazo.<\/p>\n<\/li>\n<li data-start=\"948\" data-end=\"1050\">\n<p data-start=\"950\" data-end=\"1050\"><strong data-start=\"950\" data-end=\"985\">Mejora la eficiencia energ\u00e9tica<\/strong> \u2014 mantenerla cubierta a\u00f1ade una capa adicional de aislamiento.<\/p>\n<\/li>\n<\/ul>\n","protected":false},"excerpt":{"rendered":"<p data-start=\"140\" data-end=\"477\">Este cobertor para Odin es fabricada en resistente tela Oxford negra. Hecha a la medida, est\u00e1 dise\u00f1ada para proteger su tina Odin de los elementos. Adem\u00e1s de realzar su apariencia, resguarda la unidad contra el clima, el polvo y el desgaste diario, preservando su elegancia y prolongando su vida \u00fatil.<\/p>\n","protected":false},"featured_media":3325,"comment_status":"open","ping_status":"closed","template":"","meta":{"om_disable_all_campaigns":false,"ocean_post_layout":"","ocean_both_sidebars_style":"","ocean_both_sidebars_content_width":0,"ocean_both_sidebars_sidebars_width":0,"ocean_sidebar":"0","ocean_second_sidebar":"0","ocean_disable_margins":"enable","ocean_add_body_class":"","ocean_shortcode_before_top_bar":"","ocean_shortcode_after_top_bar":"","ocean_shortcode_before_header":"","ocean_shortcode_after_header":"","ocean_has_shortcode":"","ocean_shortcode_after_title":"","ocean_shortcode_before_footer_widgets":"","ocean_shortcode_after_footer_widgets":"","ocean_shortcode_before_footer_bottom":"","ocean_shortcode_after_footer_bottom":"","ocean_display_top_bar":"default","ocean_display_header":"default","ocean_header_style":"","ocean_center_header_left_menu":"0","ocean_custom_header_template":"0","ocean_custom_logo":0,"ocean_custom_retina_logo":0,"ocean_custom_logo_max_width":0,"ocean_custom_logo_tablet_max_width":0,"ocean_custom_logo_mobile_max_width":0,"ocean_custom_logo_max_height":0,"ocean_custom_logo_tablet_max_height":0,"ocean_custom_logo_mobile_max_height":0,"ocean_header_custom_menu":"0","ocean_menu_typo_font_family":"0","ocean_menu_typo_font_subset":"","ocean_menu_typo_font_size":0,"ocean_menu_typo_font_size_tablet":0,"ocean_menu_typo_font_size_mobile":0,"ocean_menu_typo_font_size_unit":"px","ocean_menu_typo_font_weight":"","ocean_menu_typo_font_weight_tablet":"","ocean_menu_typo_font_weight_mobile":"","ocean_menu_typo_transform":"","ocean_menu_typo_transform_tablet":"","ocean_menu_typo_transform_mobile":"","ocean_menu_typo_line_height":0,"ocean_menu_typo_line_height_tablet":0,"ocean_menu_typo_line_height_mobile":0,"ocean_menu_typo_line_height_unit":"","ocean_menu_typo_spacing":0,"ocean_menu_typo_spacing_tablet":0,"ocean_menu_typo_spacing_mobile":0,"ocean_menu_typo_spacing_unit":"","ocean_menu_link_color":"","ocean_menu_link_color_hover":"","ocean_menu_link_color_active":"","ocean_menu_link_background":"","ocean_menu_link_hover_background":"","ocean_menu_link_active_background":"","ocean_menu_social_links_bg":"","ocean_menu_social_hover_links_bg":"","ocean_menu_social_links_color":"","ocean_menu_social_hover_links_color":"","ocean_disable_title":"default","ocean_disable_heading":"default","ocean_post_title":"","ocean_post_subheading":"","ocean_post_title_style":"","ocean_post_title_background_color":"","ocean_post_title_background":0,"ocean_post_title_bg_image_position":"","ocean_post_title_bg_image_attachment":"","ocean_post_title_bg_image_repeat":"","ocean_post_title_bg_image_size":"","ocean_post_title_height":0,"ocean_post_title_bg_overlay":0.5,"ocean_post_title_bg_overlay_color":"","ocean_disable_breadcrumbs":"default","ocean_breadcrumbs_color":"","ocean_breadcrumbs_separator_color":"","ocean_breadcrumbs_links_color":"","ocean_breadcrumbs_links_hover_color":"","ocean_display_footer_widgets":"default","ocean_display_footer_bottom":"default","ocean_custom_footer_template":"0","osh_disable_topbar_sticky":"default","osh_disable_header_sticky":"default","osh_sticky_header_style":"default","osh_sticky_header_effect":"","osh_custom_sticky_logo":0,"osh_custom_retina_sticky_logo":0,"osh_custom_sticky_logo_height":0,"osh_background_color":"","osh_links_color":"","osh_links_hover_color":"","osh_links_active_color":"","osh_links_bg_color":"","osh_links_hover_bg_color":"","osh_links_active_bg_color":"","osh_menu_social_links_color":"","osh_menu_social_hover_links_color":""},"product_brand":[],"product_cat":[36],"product_tag":[38,37,27],"class_list":{"0":"post-3319","1":"product","2":"type-product","3":"status-publish","4":"has-post-thumbnail","6":"product_cat-accesorios","7":"product_tag-accesorios-norsvik","8":"product_tag-cubierta","9":"product_tag-odin","10":"product_shipping_class-accesorios","12":"entry","13":"has-media","15":"first","16":"onbackorder","17":"taxable","18":"shipping-taxable","19":"purchasable","20":"product-type-simple","21":"has-product-nav","22":"col","23":"span_1_of_3","24":"owp-content-center","25":"owp-thumbs-layout-horizontal","26":"owp-btn-normal","27":"owp-tabs-layout-horizontal","28":"has-no-thumbnails"},"aioseo_notices":[],"_links":{"self":[{"href":"https:\/\/norsvik.com\/es\/wp-json\/wp\/v2\/product\/3319","targetHints":{"allow":["GET"]}}],"collection":[{"href":"https:\/\/norsvik.com\/es\/wp-json\/wp\/v2\/product"}],"about":[{"href":"https:\/\/norsvik.com\/es\/wp-json\/wp\/v2\/types\/product"}],"replies":[{"embeddable":true,"href":"https:\/\/norsvik.com\/es\/wp-json\/wp\/v2\/comments?post=3319"}],"wp:featuredmedia":[{"embeddable":true,"href":"https:\/\/norsvik.com\/es\/wp-json\/wp\/v2\/media\/3325"}],"wp:attachment":[{"href":"https:\/\/norsvik.com\/es\/wp-json\/wp\/v2\/media?parent=3319"}],"wp:term":[{"taxonomy":"product_brand","embeddable":true,"href":"https:\/\/norsvik.com\/es\/wp-json\/wp\/v2\/product_brand?post=3319"},{"taxonomy":"product_cat","embeddable":true,"href":"https:\/\/norsvik.com\/es\/wp-json\/wp\/v2\/product_cat?post=3319"},{"taxonomy":"product_tag","embeddable":true,"href":"https:\/\/norsvik.com\/es\/wp-json\/wp\/v2\/product_tag?post=3319"}],"curies":[{"name":"wp","href":"https:\/\/api.w.org\/{rel}","templated":true}]}}