{"id":3322,"date":"2025-08-20T16:07:21","date_gmt":"2025-08-20T22:07:21","guid":{"rendered":"https:\/\/norsvik.com\/?post_type=product&#038;p=3322"},"modified":"2025-12-12T17:43:03","modified_gmt":"2025-12-12T23:43:03","slug":"cobertor-de-acero-para-ragnar-2025","status":"publish","type":"product","link":"https:\/\/norsvik.com\/es\/producto\/cobertor-de-acero-para-ragnar-2025\/","title":{"rendered":"Cobertor de Acero para Ragnar 2025"},"content":{"rendered":"<ul data-start=\"544\" data-end=\"997\">\n<li data-start=\"544\" data-end=\"628\">\n<p data-start=\"546\" data-end=\"628\"><strong data-start=\"546\" data-end=\"582\">Construcci\u00f3n totalmente en acero<\/strong> \u2014 robusta, pesada y dise\u00f1ada para perdurar.<\/p>\n<\/li>\n<li data-start=\"629\" data-end=\"713\">\n<p data-start=\"631\" data-end=\"713\"><strong data-start=\"631\" data-end=\"660\">Preparada para exteriores<\/strong> \u2014 protege contra lluvia, polvo y exposici\u00f3n solar.<\/p>\n<\/li>\n<li data-start=\"714\" data-end=\"827\">\n<p data-start=\"716\" data-end=\"827\"><strong data-start=\"716\" data-end=\"739\">Eficiencia mejorada<\/strong> \u2014 reduce el calor por radiaci\u00f3n solar directa, optimizando el rendimiento energ\u00e9tico.<\/p>\n<\/li>\n<li data-start=\"828\" data-end=\"905\">\n<p data-start=\"830\" data-end=\"905\"><strong data-start=\"830\" data-end=\"853\">Seguridad adicional<\/strong> \u2014 restringe el acceso no autorizado al enfriador.<\/p>\n<\/li>\n<li data-start=\"906\" data-end=\"997\">\n<p data-start=\"908\" data-end=\"997\"><strong data-start=\"908\" data-end=\"933\">Prolonga la vida \u00fatil<\/strong> \u2014 mantiene el equipo seguro y funcionando en su m\u00e1ximo nivel.<\/p>\n<\/li>\n<li data-start=\"906\" data-end=\"997\"><b>Dimensiones<\/b> \u201463 cm x 53 cm x 73 cm<\/li>\n<\/ul>\n<p data-start=\"999\" data-end=\"1187\">Durabilidad, protecci\u00f3n y seguridad \u2014 dise\u00f1ada exclusivamente para el Ragnar 2025. Altamente recomendada para instalaciones exteriores y comerciales de los modelos <strong data-start=\"1163\" data-end=\"1172\">Floki<\/strong> y <strong data-start=\"1175\" data-end=\"1184\">Fjord<\/strong>.<\/p>\n","protected":false},"excerpt":{"rendered":"<p data-start=\"140\" data-end=\"477\">Este cobertor de acero es dise\u00f1ado para entornos exigentes. Protege el enfriador Ragnar 2025 del clima, el sol y las condiciones de alto tr\u00e1nsito. M\u00e1s all\u00e1 de la protecci\u00f3n, a\u00f1ade una capa adicional de seguridad al restringir el acceso al equipo, garantizando un rendimiento confiable y mayor tranquilidad.<\/p>\n","protected":false},"featured_media":3296,"comment_status":"open","ping_status":"closed","template":"","meta":{"om_disable_all_campaigns":false,"ocean_post_layout":"","ocean_both_sidebars_style":"","ocean_both_sidebars_content_width":0,"ocean_both_sidebars_sidebars_width":0,"ocean_sidebar":"0","ocean_second_sidebar":"0","ocean_disable_margins":"enable","ocean_add_body_class":"","ocean_shortcode_before_top_bar":"","ocean_shortcode_after_top_bar":"","ocean_shortcode_before_header":"","ocean_shortcode_after_header":"","ocean_has_shortcode":"","ocean_shortcode_after_title":"","ocean_shortcode_before_footer_widgets":"","ocean_shortcode_after_footer_widgets":"","ocean_shortcode_before_footer_bottom":"","ocean_shortcode_after_footer_bottom":"","ocean_display_top_bar":"default","ocean_display_header":"default","ocean_header_style":"","ocean_center_header_left_menu":"0","ocean_custom_header_template":"0","ocean_custom_logo":0,"ocean_custom_retina_logo":0,"ocean_custom_logo_max_width":0,"ocean_custom_logo_tablet_max_width":0,"ocean_custom_logo_mobile_max_width":0,"ocean_custom_logo_max_height":0,"ocean_custom_logo_tablet_max_height":0,"ocean_custom_logo_mobile_max_height":0,"ocean_header_custom_menu":"0","ocean_menu_typo_font_family":"0","ocean_menu_typo_font_subset":"","ocean_menu_typo_font_size":0,"ocean_menu_typo_font_size_tablet":0,"ocean_menu_typo_font_size_mobile":0,"ocean_menu_typo_font_size_unit":"px","ocean_menu_typo_font_weight":"","ocean_menu_typo_font_weight_tablet":"","ocean_menu_typo_font_weight_mobile":"","ocean_menu_typo_transform":"","ocean_menu_typo_transform_tablet":"","ocean_menu_typo_transform_mobile":"","ocean_menu_typo_line_height":0,"ocean_menu_typo_line_height_tablet":0,"ocean_menu_typo_line_height_mobile":0,"ocean_menu_typo_line_height_unit":"","ocean_menu_typo_spacing":0,"ocean_menu_typo_spacing_tablet":0,"ocean_menu_typo_spacing_mobile":0,"ocean_menu_typo_spacing_unit":"","ocean_menu_link_color":"","ocean_menu_link_color_hover":"","ocean_menu_link_color_active":"","ocean_menu_link_background":"","ocean_menu_link_hover_background":"","ocean_menu_link_active_background":"","ocean_menu_social_links_bg":"","ocean_menu_social_hover_links_bg":"","ocean_menu_social_links_color":"","ocean_menu_social_hover_links_color":"","ocean_disable_title":"default","ocean_disable_heading":"default","ocean_post_title":"","ocean_post_subheading":"","ocean_post_title_style":"","ocean_post_title_background_color":"","ocean_post_title_background":0,"ocean_post_title_bg_image_position":"","ocean_post_title_bg_image_attachment":"","ocean_post_title_bg_image_repeat":"","ocean_post_title_bg_image_size":"","ocean_post_title_height":0,"ocean_post_title_bg_overlay":0.5,"ocean_post_title_bg_overlay_color":"","ocean_disable_breadcrumbs":"default","ocean_breadcrumbs_color":"","ocean_breadcrumbs_separator_color":"","ocean_breadcrumbs_links_color":"","ocean_breadcrumbs_links_hover_color":"","ocean_display_footer_widgets":"default","ocean_display_footer_bottom":"default","ocean_custom_footer_template":"0","osh_disable_topbar_sticky":"default","osh_disable_header_sticky":"default","osh_sticky_header_style":"default","osh_sticky_header_effect":"","osh_custom_sticky_logo":0,"osh_custom_retina_sticky_logo":0,"osh_custom_sticky_logo_height":0,"osh_background_color":"","osh_links_color":"","osh_links_hover_color":"","osh_links_active_color":"","osh_links_bg_color":"","osh_links_hover_bg_color":"","osh_links_active_bg_color":"","osh_menu_social_links_color":"","osh_menu_social_hover_links_color":""},"product_brand":[],"product_cat":[36],"product_tag":[38,40,37,24,39,29],"class_list":{"0":"post-3322","1":"product","2":"type-product","3":"status-publish","4":"has-post-thumbnail","6":"product_cat-accesorios","7":"product_tag-accesorios-norsvik","8":"product_tag-cobertor","9":"product_tag-cubierta","10":"product_tag-fjord","11":"product_tag-floki","12":"product_tag-ragnar","13":"product_shipping_class-ragnar-chiller-gam","15":"entry","16":"has-media","18":"first","19":"instock","20":"taxable","21":"shipping-taxable","22":"purchasable","23":"product-type-simple","24":"has-product-nav","25":"col","26":"span_1_of_3","27":"owp-content-center","28":"owp-thumbs-layout-horizontal","29":"owp-btn-normal","30":"owp-tabs-layout-horizontal"},"aioseo_notices":[],"_links":{"self":[{"href":"https:\/\/norsvik.com\/es\/wp-json\/wp\/v2\/product\/3322","targetHints":{"allow":["GET"]}}],"collection":[{"href":"https:\/\/norsvik.com\/es\/wp-json\/wp\/v2\/product"}],"about":[{"href":"https:\/\/norsvik.com\/es\/wp-json\/wp\/v2\/types\/product"}],"replies":[{"embeddable":true,"href":"https:\/\/norsvik.com\/es\/wp-json\/wp\/v2\/comments?post=3322"}],"wp:featuredmedia":[{"embeddable":true,"href":"https:\/\/norsvik.com\/es\/wp-json\/wp\/v2\/media\/3296"}],"wp:attachment":[{"href":"https:\/\/norsvik.com\/es\/wp-json\/wp\/v2\/media?parent=3322"}],"wp:term":[{"taxonomy":"product_brand","embeddable":true,"href":"https:\/\/norsvik.com\/es\/wp-json\/wp\/v2\/product_brand?post=3322"},{"taxonomy":"product_cat","embeddable":true,"href":"https:\/\/norsvik.com\/es\/wp-json\/wp\/v2\/product_cat?post=3322"},{"taxonomy":"product_tag","embeddable":true,"href":"https:\/\/norsvik.com\/es\/wp-json\/wp\/v2\/product_tag?post=3322"}],"curies":[{"name":"wp","href":"https:\/\/api.w.org\/{rel}","templated":true}]}}